{"id":1127,"date":"2024-01-09T07:23:46","date_gmt":"2024-01-09T07:23:46","guid":{"rendered":"https:\/\/www.complex-recruitment.com\/faq\/"},"modified":"2024-10-31T13:54:42","modified_gmt":"2024-10-31T13:54:42","slug":"faq","status":"publish","type":"page","link":"https:\/\/www.complex-recruitment.com\/de\/faq\/","title":{"rendered":"FAQ"},"content":{"rendered":"<div id=\"pl-gb1127-69e91b06d5c38\"  class=\"panel-layout wp-block-siteorigin-panels-layout-block\" ><div id=\"pg-gb1127-69e91b06d5c38-0\"  class=\"panel-grid panel-has-style\" ><div class=\"siteorigin-panels-stretch panel-row-style panel-row-style-for-gb1127-69e91b06d5c38-0\" data-stretch-type=\"full\" ><div id=\"pgc-gb1127-69e91b06d5c38-0-0\"  class=\"panel-grid-cell panel-grid-cell-empty\" ><\/div><div id=\"pgc-gb1127-69e91b06d5c38-0-1\"  class=\"panel-grid-cell panel-grid-cell-mobile-last\" ><div id=\"panel-gb1127-69e91b06d5c38-0-1-0\" class=\"so-panel widget widget_sow-editor panel-first-child panel-last-child\" data-index=\"0\" ><div\n\t\t\t\n\t\t\tclass=\"so-widget-sow-editor so-widget-sow-editor-base\"\n\t\t\t\n\t\t>\n<div class=\"siteorigin-widget-tinymce textwidget\">\n\t    <div class=\"accordion-container\">\r\n                  <div class=\"accordion-component\">\r\n                              <div class=\"item\">\r\n                  <div class=\"header\" data-hash=\"#Wie starten wir unseren Rekrutierungsprozess \u00fcber Ihre Agentur?\">\r\n                    <div class=\"title\">Wie starten wir unseren Rekrutierungsprozess \u00fcber Ihre Agentur?<\/div>\r\n                    <div class=\"toggle-button\"><\/div>\r\n                  <\/div>\r\n                  <div class=\"body\" id=\"Wie starten wir unseren Rekrutierungsprozess \u00fcber Ihre Agentur?\">\r\n                    <div class=\"content\">\r\n                      <p>Wir bei IRS Philippines, Inc. sind davon \u00fcberzeugt, dass eine gr\u00fcndliche Kommunikation mit Kunden und Bewerbern der Schl\u00fcssel dazu ist, hochwertige und hochqualifizierte Arbeitskr\u00e4fte bereitzustellen. Daher erstellt IRS Philippines vor der Auswahl der Kandidaten zun\u00e4chst ein Due-Diligence-Formular f\u00fcr den Kunden, um mehr \u00fcber das Unternehmen und seine Anforderungen an Arbeitskr\u00e4fte zu erfahren. In dieser Phase werden auch die Akkreditierung, der Rekrutierungsprozess und Budget\u00fcberlegungen er\u00f6rtert.<\/p>\n                    <\/div>\r\n                  <\/div>\r\n                <\/div>\r\n                              <div class=\"item\">\r\n                  <div class=\"header\" data-hash=\"#Was ist das DMW (ehemals POEA)?\">\r\n                    <div class=\"title\">Was ist das DMW (ehemals POEA)?<\/div>\r\n                    <div class=\"toggle-button\"><\/div>\r\n                  <\/div>\r\n                  <div class=\"body\" id=\"Was ist das DMW (ehemals POEA)?\">\r\n                    <div class=\"content\">\r\n                      <p>DMW ist eine Abk\u00fcrzung f\u00fcr Department of Migrant Workers, zu Deutsch \u201eMinisterium f\u00fcr Arbeitnehmer im Ausland\u201c (ehemals POEA \u2013 Philippines Overseas Employment Agency), eine exekutive Regierungsbeh\u00f6rde, welche die Rechte und das Wohlbefinden philippinischer Arbeitskr\u00e4fte und ihrer Familien wahren soll. Das DMW ist damit beauftragt, die Besch\u00e4ftigung und Wiedereingliederung philippinischer Arbeitskr\u00e4fte im Ausland zu erleichtern und dabei die nationalen Entwicklungsprogramme der National Economic and Development Authority zu ber\u00fccksichtigen.<\/p>\n                    <\/div>\r\n                  <\/div>\r\n                <\/div>\r\n                              <div class=\"item\">\r\n                  <div class=\"header\" data-hash=\"#Warum muss ich akkreditiert sein?\">\r\n                    <div class=\"title\">Warum muss ich akkreditiert sein?<\/div>\r\n                    <div class=\"toggle-button\"><\/div>\r\n                  <\/div>\r\n                  <div class=\"body\" id=\"Warum muss ich akkreditiert sein?\">\r\n                    <div class=\"content\">\r\n                      <p>Die Akkreditierung des Hauptarbeitgebers oder einer lizenzierten ausl\u00e4ndischen Personalvermittlungsagentur ist f\u00fcr alle Arbeitgeber erforderlich, die philippinische Arbeitnehmer \u00fcber eine lizenzierte philippinische Personalvermittlungsagentur einstellen. Das Ministerium f\u00fcr Arbeitnehmer im Ausland\/ DMW (fr\u00fcher bekannt als POEA) verlangt dies, um sicherzustellen, dass es im Einsatzland echte Arbeitspl\u00e4tze gibt. Dar\u00fcber hinaus darf gem\u00e4\u00df den POEA-Regeln und -Vorschriften von 2016, Abschnitt 123, kein Arbeitgeber einen philippinischen Arbeitnehmer direkt f\u00fcr die Arbeit im Ausland einstellen, weshalb eine Akkreditierung des Arbeitgebers\/Hauptangestellten erforderlich ist.<\/p>\n                    <\/div>\r\n                  <\/div>\r\n                <\/div>\r\n                              <div class=\"item\">\r\n                  <div class=\"header\" data-hash=\"#Welche Unterlagen werden f\u00fcr die Akkreditierung ben\u00f6tigt?\">\r\n                    <div class=\"title\">Welche Unterlagen werden f\u00fcr die Akkreditierung ben\u00f6tigt?<\/div>\r\n                    <div class=\"toggle-button\"><\/div>\r\n                  <\/div>\r\n                  <div class=\"body\" id=\"Welche Unterlagen werden f\u00fcr die Akkreditierung ben\u00f6tigt?\">\r\n                    <div class=\"content\">\r\n                      <p>Nachfolgend finden Sie die grundlegenden Dokumente, die erforderlich sind, um die Akkreditierungsanforderungen des DMW f\u00fcr alle Arbeitgeber zu erf\u00fcllen, die ordnungsgem\u00e4\u00df lizenzierte Vermittlungsunternehmen der POEA auf den Philippinen nutzen m\u00f6chten:<br \/>\nVerwaltervollmacht<br \/>\nArbeitsantrag<br \/>\nRekrutierungsvertrag<br \/>\nArbeitsvertrag<br \/>\nGesch\u00e4ftslizenz<br \/>\nIdentifikationsnummer des Arbeitgebers\/Auftraggebers<br \/>\nWeitere vom Ministerium f\u00fcr Arbeitnehmer im Ausland angeforderte Dokumente<\/p>\n                    <\/div>\r\n                  <\/div>\r\n                <\/div>\r\n                              <div class=\"item\">\r\n                  <div class=\"header\" data-hash=\"#Was ist das OEC-Zertifikat (Overseas Employment Certificate)?\">\r\n                    <div class=\"title\">Was ist das OEC-Zertifikat (Overseas Employment Certificate)?<\/div>\r\n                    <div class=\"toggle-button\"><\/div>\r\n                  <\/div>\r\n                  <div class=\"body\" id=\"Was ist das OEC-Zertifikat (Overseas Employment Certificate)?\">\r\n                    <div class=\"content\">\r\n                      <p>Das OEC ist eine Ausreisegenehmigung f\u00fcr Arbeitnehmer, die die Philippinen verlassen, um im Ausland zu arbeiten. Dieses Dokument wird vom Ministerium f\u00fcr Arbeitnehmer im Ausland (DMW) ausgestellt. Das OEC ist ein Beweis daf\u00fcr, dass die philippinische Regierung dem Arbeitnehmer die Erlaubnis erteilt, im Ausland zu arbeiten. Aus diesem Grund kann ein Arbeitnehmer die Philippinen ohne OEC nicht legal verlassen.<\/p>\n                    <\/div>\r\n                  <\/div>\r\n                <\/div>\r\n                              <div class=\"item\">\r\n                  <div class=\"header\" data-hash=\"#Welche Pflichtversicherung verlangt das Ministerium f\u00fcr Arbeitnehmer im Ausland?\">\r\n                    <div class=\"title\">Welche Pflichtversicherung verlangt das Ministerium f\u00fcr Arbeitnehmer im Ausland?<\/div>\r\n                    <div class=\"toggle-button\"><\/div>\r\n                  <\/div>\r\n                  <div class=\"body\" id=\"Welche Pflichtversicherung verlangt das Ministerium f\u00fcr Arbeitnehmer im Ausland?\">\r\n                    <div class=\"content\">\r\n                      <p>Laut Gesetz Nr. 10022 der Philippinischen Republik muss jeder neu eingestellte philippinische Arbeitnehmer im Ausland, der durch eine Arbeitsagentur vermittelt wurde, hinsichtlich Unfalltod, nat\u00fcrlichem Tod, dauerhafter vollst\u00e4ndiger Arbeitsunf\u00e4higkeit, R\u00fcckf\u00fchrungskosten, Lebensunterhaltszuschuss, Geldanspr\u00fcche aus Arbeitgeberhaftung, Trauerbesuche, medizinischer Evakuierung und gesundheitlicher R\u00fcckf\u00fchrung versichert sein muss.<\/p>\n                    <\/div>\r\n                  <\/div>\r\n                <\/div>\r\n                              <div class=\"item\">\r\n                  <div class=\"header\" data-hash=\"#Wie w\u00e4hle ich Kandidaten aus?\">\r\n                    <div class=\"title\">Wie w\u00e4hle ich Kandidaten aus?<\/div>\r\n                    <div class=\"toggle-button\"><\/div>\r\n                  <\/div>\r\n                  <div class=\"body\" id=\"Wie w\u00e4hle ich Kandidaten aus?\">\r\n                    <div class=\"content\">\r\n                      <p>Sobald Sie uns die von Ihnen gesuchten Qualifikationen mitgeteilt haben, identifizieren wir in unserer Datenbank Kandidaten, die Ihren Anforderungen entsprechen. Anschlie\u00dfend f\u00fchrt unser technisches Personal ein erstes Vorgespr\u00e4ch, um sicherzustellen, dass die Qualifikationen der Arbeitnehmer den Anforderungen entsprechen und mit den Angaben in ihren eingereichten Lebensl\u00e4ufen \u00fcbereinstimmen. Nach dem Vorgespr\u00e4ch werden die Lebensl\u00e4ufe zusammen mit den Dokumenten des Arbeitnehmers (z. B. Reisepass, Zeugnisse) zur Pr\u00fcfung an die E-Mail-Adresse des Kunden gesendet.<\/p>\n                    <\/div>\r\n                  <\/div>\r\n                <\/div>\r\n                              <div class=\"item\">\r\n                  <div class=\"header\" data-hash=\"#Wie laufen die Vorstellungsgespr\u00e4che ab?\">\r\n                    <div class=\"title\">Wie laufen die Vorstellungsgespr\u00e4che ab?<\/div>\r\n                    <div class=\"toggle-button\"><\/div>\r\n                  <\/div>\r\n                  <div class=\"body\" id=\"Wie laufen die Vorstellungsgespr\u00e4che ab?\">\r\n                    <div class=\"content\">\r\n                      <p>Vorstellungsgespr\u00e4che k\u00f6nnen pers\u00f6nlich \u00fcber ein Agenturb\u00fcro durchgef\u00fchrt werden, basierend auf einer Akkreditierung\/Registrierung beim Hauptamt f\u00fcr Arbeitnehmer im Ausland\/MWO (fr\u00fcher bekannt als POLO) und dem Ministerium f\u00fcr Arbeitnehmer im Ausland (DMW). Im Falle eines pers\u00f6nlichen Gespr\u00e4chs muss dem DMW zur ordnungsgem\u00e4\u00dfen Best\u00e4tigung eine Vollmacht vorgelegt werden. Interviews k\u00f6nnen auch virtuell durchgef\u00fchrt werden, beispielsweise \u00fcber Zoom oder Google Teams. Unser Rekrutierungsteam ist au\u00dferdem immer anwesend und bereit, sowohl den Kunden als auch die Bewerber w\u00e4hrend des Vorstellungsgespr\u00e4chs zu unterst\u00fctzen.<\/p>\n                    <\/div>\r\n                  <\/div>\r\n                <\/div>\r\n                              <div class=\"item\">\r\n                  <div class=\"header\" data-hash=\"#Was ist, wenn ich den\/die Arbeitnehmer, die ich einstellen m\u00f6chte, bereits gefunden habe?\">\r\n                    <div class=\"title\">Was ist, wenn ich den\/die Arbeitnehmer, die ich einstellen m\u00f6chte, bereits gefunden habe?<\/div>\r\n                    <div class=\"toggle-button\"><\/div>\r\n                  <\/div>\r\n                  <div class=\"body\" id=\"Was ist, wenn ich den\/die Arbeitnehmer, die ich einstellen m\u00f6chte, bereits gefunden habe?\">\r\n                    <div class=\"content\">\r\n                      <p>Wenn Sie die von Ihnen gesuchten Arbeitskr\u00e4fte bereits gefunden haben, k\u00f6nnen wir f\u00fcr Sie die n\u00f6tigen Prozesse beim Amt f\u00fcr Arbeitnehmer im Ausland und beim Ministerium f\u00fcr Arbeitnehmer im Ausland bearbeiten. Als Arbeitgeber m\u00fcssen Sie sich dennoch einer Akkreditierung unterziehen. Sobald die Bearbeitung abgeschlossen ist, werden wir mit den Arbeitnehmern Kontakt aufnehmen, die Sie einstellen m\u00f6chten, und mit der Sammlung ihrer Unterlagen zur Bearbeitung beim DMW beginnen. Bitte beachten Sie, dass weiterhin angepasste Vermittlungsgeb\u00fchren anfallen, die der Bewerber tr\u00e4gt- Der Arbeitgeber ist weiterhin f\u00fcr Versicherung, Visageb\u00fchren und Flugkosten verantwortlich.<\/p>\n                    <\/div>\r\n                  <\/div>\r\n                <\/div>\r\n                          <\/div>\r\n          <\/div>\r\n  \n<\/div>\n<\/div><\/div><\/div><div id=\"pgc-gb1127-69e91b06d5c38-0-2\"  class=\"panel-grid-cell panel-grid-cell-empty\" ><\/div><\/div><\/div><div id=\"pg-gb1127-69e91b06d5c38-1\"  class=\"panel-grid panel-has-style\" ><div class=\"siteorigin-panels-stretch panel-row-style panel-row-style-for-gb1127-69e91b06d5c38-1\" data-stretch-type=\"full\" ><div id=\"pgc-gb1127-69e91b06d5c38-1-0\"  class=\"panel-grid-cell\" ><div id=\"panel-gb1127-69e91b06d5c38-1-0-0\" class=\"so-panel widget widget_sow-editor panel-first-child\" data-index=\"1\" ><div class=\"panel-widget-style panel-widget-style-for-gb1127-69e91b06d5c38-1-0-0\" ><div\n\t\t\t\n\t\t\tclass=\"so-widget-sow-editor so-widget-sow-editor-base\"\n\t\t\t\n\t\t>\n<div class=\"siteorigin-widget-tinymce textwidget\">\n\t<h1>Sind Sie bereit, einer unserer komplexen Kunden von COMPLEX zu werden ?<\/h1>\n<\/div>\n<\/div><\/div><\/div><div id=\"panel-gb1127-69e91b06d5c38-1-0-1\" class=\"so-panel widget widget_sow-image panel-last-child\" data-index=\"2\" ><div class=\"panel-widget-style panel-widget-style-for-gb1127-69e91b06d5c38-1-0-1\" ><div\n\t\t\t\n\t\t\tclass=\"so-widget-sow-image so-widget-sow-image-default-8b5b6f678277-1127\"\n\t\t\t\n\t\t>\n\n<div class=\"sow-image-container\">\n\t\t<img decoding=\"async\" src=\"https:\/\/www.complex-recruitment.com\/wp-content\/uploads\/2024\/01\/Group-448.png\" width=\"1800\" height=\"733\" srcset=\"https:\/\/www.complex-recruitment.com\/wp-content\/uploads\/2024\/01\/Group-448.png 1800w, https:\/\/www.complex-recruitment.com\/wp-content\/uploads\/2024\/01\/Group-448-300x122.png 300w, https:\/\/www.complex-recruitment.com\/wp-content\/uploads\/2024\/01\/Group-448-1024x417.png 1024w, https:\/\/www.complex-recruitment.com\/wp-content\/uploads\/2024\/01\/Group-448-768x313.png 768w, https:\/\/www.complex-recruitment.com\/wp-content\/uploads\/2024\/01\/Group-448-1536x625.png 1536w, https:\/\/www.complex-recruitment.com\/wp-content\/uploads\/2024\/01\/Group-448-480x195.png 480w, https:\/\/www.complex-recruitment.com\/wp-content\/uploads\/2024\/01\/Group-448-992x404.png 992w, https:\/\/www.complex-recruitment.com\/wp-content\/uploads\/2024\/01\/Group-448-1200x489.png 1200w\" sizes=\"auto, (max-width: 1800px) 100vw, 1800px\" title=\"Group 448\" alt=\"\" loading=\"lazy\" \t\tclass=\"so-widget-image\"\/>\n\t<\/div>\n\n<\/div><\/div><\/div><\/div><div id=\"pgc-gb1127-69e91b06d5c38-1-1\"  class=\"panel-grid-cell\" ><div id=\"panel-gb1127-69e91b06d5c38-1-1-0\" class=\"so-panel widget widget_sow-editor panel-first-child\" data-index=\"3\" ><div class=\"panel-widget-style panel-widget-style-for-gb1127-69e91b06d5c38-1-1-0\" ><div\n\t\t\t\n\t\t\tclass=\"so-widget-sow-editor so-widget-sow-editor-base\"\n\t\t\t\n\t\t>\n<div class=\"siteorigin-widget-tinymce textwidget\">\n\t<p>Wenn Sie daran interessiert sind, philippinische Komplexarbeiter unter der Marke COMPLEX einzustellen, f\u00fcllen Sie bitte das untenstehende Formular aus und nehmen Sie Kontakt zu unserem Team auf.<\/p>\n<p><a class=\"button button-inverse button-color-white scroll-to\" title=\"\" href=\"#contact-us\">Treten Sie mit uns in Kontakt<\/a><\/p>\n<\/div>\n<\/div><\/div><\/div><div id=\"panel-gb1127-69e91b06d5c38-1-1-1\" class=\"so-panel widget widget_sow-image panel-last-child\" data-index=\"4\" ><div class=\"panel-widget-style panel-widget-style-for-gb1127-69e91b06d5c38-1-1-1\" ><div\n\t\t\t\n\t\t\tclass=\"so-widget-sow-image so-widget-sow-image-default-8b5b6f678277-1127\"\n\t\t\t\n\t\t>\n\n<div class=\"sow-image-container\">\n\t\t<img decoding=\"async\" src=\"https:\/\/www.complex-recruitment.com\/wp-content\/uploads\/2024\/01\/Group-445.png\" width=\"650\" height=\"587\" srcset=\"https:\/\/www.complex-recruitment.com\/wp-content\/uploads\/2024\/01\/Group-445.png 650w, https:\/\/www.complex-recruitment.com\/wp-content\/uploads\/2024\/01\/Group-445-300x271.png 300w, https:\/\/www.complex-recruitment.com\/wp-content\/uploads\/2024\/01\/Group-445-480x433.png 480w\" sizes=\"auto, (max-width: 650px) 100vw, 650px\" title=\"Group 445\" alt=\"\" loading=\"lazy\" \t\tclass=\"so-widget-image\"\/>\n\t<\/div>\n\n<\/div><\/div><\/div><\/div><\/div><\/div><\/div>","protected":false},"excerpt":{"rendered":"<p>Sind Sie bereit, einer unserer komplexen Kunden von COMPLEX zu werden ? Wenn Sie daran interessiert sind, philippinische Komplexarbeiter unter der Marke COMPLEX einzustellen, f\u00fcllen Sie bitte das untenstehende Formular aus und nehmen Sie Kontakt zu unserem Team auf. Treten Sie mit uns in Kontakt<\/p>\n","protected":false},"author":3,"featured_media":574,"parent":0,"menu_order":0,"comment_status":"closed","ping_status":"closed","template":"","meta":{"footnotes":""},"class_list":["post-1127","page","type-page","status-publish","has-post-thumbnail","hentry"],"acf":[],"yoast_head":"<!-- This site is optimized with the Yoast SEO plugin v23.8 - https:\/\/yoast.com\/wordpress\/plugins\/seo\/ -->\n<title>FAQ - COMPLEX Recruitment, Inc.<\/title>\n<meta name=\"robots\" content=\"index, follow, max-snippet:-1, max-image-preview:large, max-video-preview:-1\" \/>\n<link rel=\"canonical\" href=\"https:\/\/www.complex-recruitment.com\/de\/faq\/\" \/>\n<meta property=\"og:locale\" content=\"de_DE\" \/>\n<meta property=\"og:type\" content=\"article\" \/>\n<meta property=\"og:title\" content=\"FAQ - COMPLEX Recruitment, Inc.\" \/>\n<meta property=\"og:description\" content=\"Sind Sie bereit, einer unserer komplexen Kunden von COMPLEX zu werden ? Wenn Sie daran interessiert sind, philippinische Komplexarbeiter unter der Marke COMPLEX einzustellen, f\u00fcllen Sie bitte das untenstehende Formular aus und nehmen Sie Kontakt zu unserem Team auf. Treten Sie mit uns in Kontakt\" \/>\n<meta property=\"og:url\" content=\"https:\/\/www.complex-recruitment.com\/de\/faq\/\" \/>\n<meta property=\"og:site_name\" content=\"COMPLEX Recruitment, Inc.\" \/>\n<meta property=\"article:modified_time\" content=\"2024-10-31T13:54:42+00:00\" \/>\n<meta property=\"og:image\" content=\"https:\/\/www.complex-recruitment.com\/wp-content\/uploads\/2024\/01\/faq-cover-1024x291.png\" \/>\n\t<meta property=\"og:image:width\" content=\"1024\" \/>\n\t<meta property=\"og:image:height\" content=\"291\" \/>\n\t<meta property=\"og:image:type\" content=\"image\/png\" \/>\n<meta name=\"twitter:card\" content=\"summary_large_image\" \/>\n<script type=\"application\/ld+json\" class=\"yoast-schema-graph\">{\"@context\":\"https:\/\/schema.org\",\"@graph\":[{\"@type\":\"WebPage\",\"@id\":\"https:\/\/www.complex-recruitment.com\/de\/faq\/\",\"url\":\"https:\/\/www.complex-recruitment.com\/de\/faq\/\",\"name\":\"FAQ - COMPLEX Recruitment, Inc.\",\"isPartOf\":{\"@id\":\"https:\/\/www.complex-recruitment.com\/#website\"},\"primaryImageOfPage\":{\"@id\":\"https:\/\/www.complex-recruitment.com\/de\/faq\/#primaryimage\"},\"image\":{\"@id\":\"https:\/\/www.complex-recruitment.com\/de\/faq\/#primaryimage\"},\"thumbnailUrl\":\"https:\/\/www.complex-recruitment.com\/wp-content\/uploads\/2024\/01\/faq-cover.png\",\"datePublished\":\"2024-01-09T07:23:46+00:00\",\"dateModified\":\"2024-10-31T13:54:42+00:00\",\"breadcrumb\":{\"@id\":\"https:\/\/www.complex-recruitment.com\/de\/faq\/#breadcrumb\"},\"inLanguage\":\"de\",\"potentialAction\":[{\"@type\":\"ReadAction\",\"target\":[\"https:\/\/www.complex-recruitment.com\/de\/faq\/\"]}]},{\"@type\":\"ImageObject\",\"inLanguage\":\"de\",\"@id\":\"https:\/\/www.complex-recruitment.com\/de\/faq\/#primaryimage\",\"url\":\"https:\/\/www.complex-recruitment.com\/wp-content\/uploads\/2024\/01\/faq-cover.png\",\"contentUrl\":\"https:\/\/www.complex-recruitment.com\/wp-content\/uploads\/2024\/01\/faq-cover.png\",\"width\":6208,\"height\":1763},{\"@type\":\"BreadcrumbList\",\"@id\":\"https:\/\/www.complex-recruitment.com\/de\/faq\/#breadcrumb\",\"itemListElement\":[{\"@type\":\"ListItem\",\"position\":1,\"name\":\"Home\",\"item\":\"https:\/\/www.complex-recruitment.com\/de\/sample-page\/\"},{\"@type\":\"ListItem\",\"position\":2,\"name\":\"FAQ\"}]},{\"@type\":\"WebSite\",\"@id\":\"https:\/\/www.complex-recruitment.com\/#website\",\"url\":\"https:\/\/www.complex-recruitment.com\/\",\"name\":\"COMPLEX Recruitment, Inc.\",\"description\":\"\",\"publisher\":{\"@id\":\"https:\/\/www.complex-recruitment.com\/#organization\"},\"potentialAction\":[{\"@type\":\"SearchAction\",\"target\":{\"@type\":\"EntryPoint\",\"urlTemplate\":\"https:\/\/www.complex-recruitment.com\/?s={search_term_string}\"},\"query-input\":{\"@type\":\"PropertyValueSpecification\",\"valueRequired\":true,\"valueName\":\"search_term_string\"}}],\"inLanguage\":\"de\"},{\"@type\":\"Organization\",\"@id\":\"https:\/\/www.complex-recruitment.com\/#organization\",\"name\":\"COMPLEX Recruitment, Inc.\",\"url\":\"https:\/\/www.complex-recruitment.com\/\",\"logo\":{\"@type\":\"ImageObject\",\"inLanguage\":\"de\",\"@id\":\"https:\/\/www.complex-recruitment.com\/#\/schema\/logo\/image\/\",\"url\":\"https:\/\/www.complex-recruitment.com\/wp-content\/uploads\/2024\/01\/logo.svg\",\"contentUrl\":\"https:\/\/www.complex-recruitment.com\/wp-content\/uploads\/2024\/01\/logo.svg\",\"caption\":\"COMPLEX Recruitment, Inc.\"},\"image\":{\"@id\":\"https:\/\/www.complex-recruitment.com\/#\/schema\/logo\/image\/\"}}]}<\/script>\n<!-- \/ Yoast SEO plugin. -->","yoast_head_json":{"title":"FAQ - COMPLEX Recruitment, Inc.","robots":{"index":"index","follow":"follow","max-snippet":"max-snippet:-1","max-image-preview":"max-image-preview:large","max-video-preview":"max-video-preview:-1"},"canonical":"https:\/\/www.complex-recruitment.com\/de\/faq\/","og_locale":"de_DE","og_type":"article","og_title":"FAQ - COMPLEX Recruitment, Inc.","og_description":"Sind Sie bereit, einer unserer komplexen Kunden von COMPLEX zu werden ? Wenn Sie daran interessiert sind, philippinische Komplexarbeiter unter der Marke COMPLEX einzustellen, f\u00fcllen Sie bitte das untenstehende Formular aus und nehmen Sie Kontakt zu unserem Team auf. Treten Sie mit uns in Kontakt","og_url":"https:\/\/www.complex-recruitment.com\/de\/faq\/","og_site_name":"COMPLEX Recruitment, Inc.","article_modified_time":"2024-10-31T13:54:42+00:00","og_image":[{"width":1024,"height":291,"url":"https:\/\/www.complex-recruitment.com\/wp-content\/uploads\/2024\/01\/faq-cover-1024x291.png","type":"image\/png"}],"twitter_card":"summary_large_image","schema":{"@context":"https:\/\/schema.org","@graph":[{"@type":"WebPage","@id":"https:\/\/www.complex-recruitment.com\/de\/faq\/","url":"https:\/\/www.complex-recruitment.com\/de\/faq\/","name":"FAQ - COMPLEX Recruitment, Inc.","isPartOf":{"@id":"https:\/\/www.complex-recruitment.com\/#website"},"primaryImageOfPage":{"@id":"https:\/\/www.complex-recruitment.com\/de\/faq\/#primaryimage"},"image":{"@id":"https:\/\/www.complex-recruitment.com\/de\/faq\/#primaryimage"},"thumbnailUrl":"https:\/\/www.complex-recruitment.com\/wp-content\/uploads\/2024\/01\/faq-cover.png","datePublished":"2024-01-09T07:23:46+00:00","dateModified":"2024-10-31T13:54:42+00:00","breadcrumb":{"@id":"https:\/\/www.complex-recruitment.com\/de\/faq\/#breadcrumb"},"inLanguage":"de","potentialAction":[{"@type":"ReadAction","target":["https:\/\/www.complex-recruitment.com\/de\/faq\/"]}]},{"@type":"ImageObject","inLanguage":"de","@id":"https:\/\/www.complex-recruitment.com\/de\/faq\/#primaryimage","url":"https:\/\/www.complex-recruitment.com\/wp-content\/uploads\/2024\/01\/faq-cover.png","contentUrl":"https:\/\/www.complex-recruitment.com\/wp-content\/uploads\/2024\/01\/faq-cover.png","width":6208,"height":1763},{"@type":"BreadcrumbList","@id":"https:\/\/www.complex-recruitment.com\/de\/faq\/#breadcrumb","itemListElement":[{"@type":"ListItem","position":1,"name":"Home","item":"https:\/\/www.complex-recruitment.com\/de\/sample-page\/"},{"@type":"ListItem","position":2,"name":"FAQ"}]},{"@type":"WebSite","@id":"https:\/\/www.complex-recruitment.com\/#website","url":"https:\/\/www.complex-recruitment.com\/","name":"COMPLEX Recruitment, Inc.","description":"","publisher":{"@id":"https:\/\/www.complex-recruitment.com\/#organization"},"potentialAction":[{"@type":"SearchAction","target":{"@type":"EntryPoint","urlTemplate":"https:\/\/www.complex-recruitment.com\/?s={search_term_string}"},"query-input":{"@type":"PropertyValueSpecification","valueRequired":true,"valueName":"search_term_string"}}],"inLanguage":"de"},{"@type":"Organization","@id":"https:\/\/www.complex-recruitment.com\/#organization","name":"COMPLEX Recruitment, Inc.","url":"https:\/\/www.complex-recruitment.com\/","logo":{"@type":"ImageObject","inLanguage":"de","@id":"https:\/\/www.complex-recruitment.com\/#\/schema\/logo\/image\/","url":"https:\/\/www.complex-recruitment.com\/wp-content\/uploads\/2024\/01\/logo.svg","contentUrl":"https:\/\/www.complex-recruitment.com\/wp-content\/uploads\/2024\/01\/logo.svg","caption":"COMPLEX Recruitment, Inc."},"image":{"@id":"https:\/\/www.complex-recruitment.com\/#\/schema\/logo\/image\/"}}]}},"_links":{"self":[{"href":"https:\/\/www.complex-recruitment.com\/de\/wp-json\/wp\/v2\/pages\/1127","targetHints":{"allow":["GET"]}}],"collection":[{"href":"https:\/\/www.complex-recruitment.com\/de\/wp-json\/wp\/v2\/pages"}],"about":[{"href":"https:\/\/www.complex-recruitment.com\/de\/wp-json\/wp\/v2\/types\/page"}],"author":[{"embeddable":true,"href":"https:\/\/www.complex-recruitment.com\/de\/wp-json\/wp\/v2\/users\/3"}],"replies":[{"embeddable":true,"href":"https:\/\/www.complex-recruitment.com\/de\/wp-json\/wp\/v2\/comments?post=1127"}],"version-history":[{"count":6,"href":"https:\/\/www.complex-recruitment.com\/de\/wp-json\/wp\/v2\/pages\/1127\/revisions"}],"predecessor-version":[{"id":1494,"href":"https:\/\/www.complex-recruitment.com\/de\/wp-json\/wp\/v2\/pages\/1127\/revisions\/1494"}],"wp:featuredmedia":[{"embeddable":true,"href":"https:\/\/www.complex-recruitment.com\/de\/wp-json\/wp\/v2\/media\/574"}],"wp:attachment":[{"href":"https:\/\/www.complex-recruitment.com\/de\/wp-json\/wp\/v2\/media?parent=1127"}],"curies":[{"name":"wp","href":"https:\/\/api.w.org\/{rel}","templated":true}]}}