{"id":1123,"date":"2024-01-09T12:45:44","date_gmt":"2024-01-09T12:45:44","guid":{"rendered":"https:\/\/www.complex-recruitment.com\/ueber-uns\/"},"modified":"2024-10-31T15:20:32","modified_gmt":"2024-10-31T15:20:32","slug":"ueber-uns","status":"publish","type":"page","link":"https:\/\/www.complex-recruitment.com\/de\/ueber-uns\/","title":{"rendered":"\u00dcber uns"},"content":{"rendered":"<div id=\"pl-gb1123-69e91b5fd084b\"  class=\"panel-layout\" ><div id=\"pg-gb1123-69e91b5fd084b-0\"  class=\"panel-grid panel-no-style\" ><div id=\"pgc-gb1123-69e91b5fd084b-0-0\"  class=\"panel-grid-cell\" ><div id=\"panel-gb1123-69e91b5fd084b-0-0-0\" class=\"so-panel widget widget_sow-image panel-first-child panel-last-child\" data-index=\"0\" ><div\n\t\t\t\n\t\t\tclass=\"so-widget-sow-image so-widget-sow-image-default-8b5b6f678277-1123\"\n\t\t\t\n\t\t>\n\n<div class=\"sow-image-container\">\n\t\t<img decoding=\"async\" src=\"https:\/\/www.complex-recruitment.com\/wp-content\/uploads\/2024\/01\/Group-476.png\" width=\"1034\" height=\"560\" srcset=\"https:\/\/www.complex-recruitment.com\/wp-content\/uploads\/2024\/01\/Group-476.png 1034w, https:\/\/www.complex-recruitment.com\/wp-content\/uploads\/2024\/01\/Group-476-300x162.png 300w, https:\/\/www.complex-recruitment.com\/wp-content\/uploads\/2024\/01\/Group-476-1024x555.png 1024w, https:\/\/www.complex-recruitment.com\/wp-content\/uploads\/2024\/01\/Group-476-768x416.png 768w, https:\/\/www.complex-recruitment.com\/wp-content\/uploads\/2024\/01\/Group-476-480x260.png 480w, https:\/\/www.complex-recruitment.com\/wp-content\/uploads\/2024\/01\/Group-476-992x537.png 992w\" sizes=\"auto, (max-width: 1034px) 100vw, 1034px\" title=\"Group 476\" alt=\"\" loading=\"lazy\" \t\tclass=\"so-widget-image\"\/>\n\t<\/div>\n\n<\/div><\/div><\/div><div id=\"pgc-gb1123-69e91b5fd084b-0-1\"  class=\"panel-grid-cell\" ><div id=\"panel-gb1123-69e91b5fd084b-0-1-0\" class=\"so-panel widget widget_sow-editor panel-first-child panel-last-child\" data-index=\"1\" ><div\n\t\t\t\n\t\t\tclass=\"so-widget-sow-editor so-widget-sow-editor-base\"\n\t\t\t\n\t\t>\n<div class=\"siteorigin-widget-tinymce textwidget\">\n\t<h3><span class=\"pink\">{<\/span>Im Unternehmen COMPLEX International Recruitment Philippines, Inc.<span class=\"pink\">}<\/span> ist es das Ziel, philippinische Fachleute zu st\u00e4rken, indem wir sie mit lohnenden Karrierechancen auf <span class=\"pink\">internationaler Ebene verbinden<\/span>.<\/h3>\n<p>Wir sind darauf ausgerichtet, der Katalysator f\u00fcr ihren Erfolg zu sein und es ihnen zu erm\u00f6glichen, ihre F\u00e4higkeiten, Talente und Expertise auf globaler Ebene zu pr\u00e4sentieren. Letztendlich ist unsere Mission, die f\u00fchrende Personalagentur zu sein, die philippinische Talente mit globalen M\u00f6glichkeiten verbindet und eine entscheidende Rolle bei der Gestaltung zuk\u00fcnftiger Erfolgsgeschichten von Einzelpersonen und Organisationen spielt.<\/p>\n<\/div>\n<\/div><\/div><\/div><\/div><div id=\"pg-gb1123-69e91b5fd084b-1\"  class=\"panel-grid panel-no-style\" ><div id=\"pgc-gb1123-69e91b5fd084b-1-0\"  class=\"panel-grid-cell\" ><div id=\"panel-gb1123-69e91b5fd084b-1-0-0\" class=\"so-panel widget widget_sow-editor panel-first-child panel-last-child\" data-index=\"2\" ><div\n\t\t\t\n\t\t\tclass=\"so-widget-sow-editor so-widget-sow-editor-base\"\n\t\t\t\n\t\t>\n<div class=\"siteorigin-widget-tinymce textwidget\">\n\t<hr>\n<\/div>\n<\/div><\/div><\/div><\/div><div id=\"pg-gb1123-69e91b5fd084b-2\"  class=\"panel-grid panel-no-style\" ><div id=\"pgc-gb1123-69e91b5fd084b-2-0\"  class=\"panel-grid-cell panel-grid-cell-empty\" ><\/div><div id=\"pgc-gb1123-69e91b5fd084b-2-1\"  class=\"panel-grid-cell panel-grid-cell-mobile-last\" ><div id=\"panel-gb1123-69e91b5fd084b-2-1-0\" class=\"so-panel widget widget_sow-editor panel-first-child panel-last-child\" data-index=\"3\" ><div\n\t\t\t\n\t\t\tclass=\"so-widget-sow-editor so-widget-sow-editor-base\"\n\t\t\t\n\t\t>\n<div class=\"siteorigin-widget-tinymce textwidget\">\n\t<h2 style=\"text-align: center;\">Unser <span class=\"pink\">{<\/span>internationalesl<span class=\"pink\">}<\/span> Team besteht aus Experten mit mehr als <span class=\"pink\">10 Jahren Erfahrung<\/span> \ud83c\udfc6 mit Erfahrung in der Personalrekrutierung f\u00fcr Unternehmen aus Europa und der Persischen Golfregion.<\/h2>\n<\/div>\n<\/div><\/div><\/div><div id=\"pgc-gb1123-69e91b5fd084b-2-2\"  class=\"panel-grid-cell panel-grid-cell-empty\" ><\/div><\/div><div id=\"pg-gb1123-69e91b5fd084b-3\"  class=\"panel-grid panel-no-style\" ><div id=\"pgc-gb1123-69e91b5fd084b-3-0\"  class=\"panel-grid-cell\" ><div id=\"panel-gb1123-69e91b5fd084b-3-0-0\" class=\"so-panel widget widget_sow-editor panel-first-child panel-last-child\" data-index=\"4\" ><div\n\t\t\t\n\t\t\tclass=\"so-widget-sow-editor so-widget-sow-editor-base\"\n\t\t\t\n\t\t>\n<div class=\"siteorigin-widget-tinymce textwidget\">\n\t<h3>Wer steckt hinter <span class=\"pink\"> COMPLEX Recruitment?<\/span><\/h3>\n<h3><\/h3>\n<\/div>\n<\/div><\/div><\/div><div id=\"pgc-gb1123-69e91b5fd084b-3-1\"  class=\"panel-grid-cell\" ><div id=\"panel-gb1123-69e91b5fd084b-3-1-0\" class=\"so-panel widget widget_sow-editor panel-first-child panel-last-child\" data-index=\"5\" ><div\n\t\t\t\n\t\t\tclass=\"so-widget-sow-editor so-widget-sow-editor-base\"\n\t\t\t\n\t\t>\n<div class=\"siteorigin-widget-tinymce textwidget\">\n\t<p>In unserer Agentur arbeiten Top-Fachkr\u00e4fte aus den Philippinen und Europa, wodurch wir \u00fcber ein umfassendes Verst\u00e4ndnis des philippinischen Arbeitsmarktes und der Bed\u00fcrfnisse internationaler Unternehmen verf\u00fcgen. Wir bauen Beziehungen zu Firmenkunden und philippinischen Arbeitnehmern auf, die auf gegenseitigem Respekt und Vertrauen basieren.<\/p>\n<\/div>\n<\/div><\/div><\/div><\/div><div id=\"pg-gb1123-69e91b5fd084b-4\"  class=\"panel-grid panel-no-style\" ><div id=\"pgc-gb1123-69e91b5fd084b-4-0\"  class=\"panel-grid-cell\" ><div id=\"panel-gb1123-69e91b5fd084b-4-0-0\" class=\"so-panel widget widget_sow-image panel-first-child\" data-index=\"6\" ><div\n\t\t\t\n\t\t\tclass=\"so-widget-sow-image so-widget-sow-image-default-c67d20f9f743-1123\"\n\t\t\t\n\t\t>\n\n<div class=\"sow-image-container\">\n\t\t<img decoding=\"async\" src=\"https:\/\/www.complex-recruitment.com\/wp-content\/uploads\/2024\/10\/Group-274-300x300.png\" width=\"200\" height=\"200\" srcset=\"https:\/\/www.complex-recruitment.com\/wp-content\/uploads\/2024\/10\/Group-274-300x300.png 300w, https:\/\/www.complex-recruitment.com\/wp-content\/uploads\/2024\/10\/Group-274-150x150.png 150w, https:\/\/www.complex-recruitment.com\/wp-content\/uploads\/2024\/10\/Group-274-480x480.png 480w, https:\/\/www.complex-recruitment.com\/wp-content\/uploads\/2024\/10\/Group-274.png 615w\" sizes=\"auto, (max-width: 200px) 100vw, 200px\" title=\"Group 274\" alt=\"\" loading=\"lazy\" \t\tclass=\"so-widget-image\"\/>\n\t<\/div>\n\n<\/div><\/div><div id=\"panel-gb1123-69e91b5fd084b-4-0-1\" class=\"so-panel widget widget_sow-editor panel-last-child\" data-index=\"7\" ><div\n\t\t\t\n\t\t\tclass=\"so-widget-sow-editor so-widget-sow-editor-base\"\n\t\t\t\n\t\t>\n<div class=\"siteorigin-widget-tinymce textwidget\">\n\t<p style=\"text-align: center;\"><strong>Cartian Kristisse Beatrice S. Habana<\/strong><br \/>\nFirmenpr\u00e4sident, Direktor<\/p>\n<\/div>\n<\/div><\/div><\/div><div id=\"pgc-gb1123-69e91b5fd084b-4-1\"  class=\"panel-grid-cell\" ><div id=\"panel-gb1123-69e91b5fd084b-4-1-0\" class=\"so-panel widget widget_sow-image panel-first-child\" data-index=\"8\" ><div\n\t\t\t\n\t\t\tclass=\"so-widget-sow-image so-widget-sow-image-default-c67d20f9f743-1123\"\n\t\t\t\n\t\t>\n\n<div class=\"sow-image-container\">\n\t\t<img decoding=\"async\" src=\"https:\/\/www.complex-recruitment.com\/wp-content\/uploads\/2024\/10\/Group-276-300x300.png\" width=\"200\" height=\"200\" srcset=\"https:\/\/www.complex-recruitment.com\/wp-content\/uploads\/2024\/10\/Group-276-300x300.png 300w, https:\/\/www.complex-recruitment.com\/wp-content\/uploads\/2024\/10\/Group-276-150x150.png 150w, https:\/\/www.complex-recruitment.com\/wp-content\/uploads\/2024\/10\/Group-276-480x480.png 480w, https:\/\/www.complex-recruitment.com\/wp-content\/uploads\/2024\/10\/Group-276.png 615w\" sizes=\"auto, (max-width: 200px) 100vw, 200px\" title=\"Group 276\" alt=\"\" loading=\"lazy\" \t\tclass=\"so-widget-image\"\/>\n\t<\/div>\n\n<\/div><\/div><div id=\"panel-gb1123-69e91b5fd084b-4-1-1\" class=\"so-panel widget widget_sow-editor panel-last-child\" data-index=\"9\" ><div\n\t\t\t\n\t\t\tclass=\"so-widget-sow-editor so-widget-sow-editor-base\"\n\t\t\t\n\t\t>\n<div class=\"siteorigin-widget-tinymce textwidget\">\n\t<p style=\"text-align: center;\"><strong>Renoir Glodoviza<br \/>\n<\/strong>Direktor der Firma<\/p>\n<\/div>\n<\/div><\/div><\/div><div id=\"pgc-gb1123-69e91b5fd084b-4-2\"  class=\"panel-grid-cell\" ><div id=\"panel-gb1123-69e91b5fd084b-4-2-0\" class=\"so-panel widget widget_sow-image panel-first-child\" data-index=\"10\" ><div\n\t\t\t\n\t\t\tclass=\"so-widget-sow-image so-widget-sow-image-default-c67d20f9f743-1123\"\n\t\t\t\n\t\t>\n\n<div class=\"sow-image-container\">\n\t\t<img decoding=\"async\" src=\"https:\/\/www.complex-recruitment.com\/wp-content\/uploads\/2024\/10\/Group-224-300x300.png\" width=\"200\" height=\"200\" srcset=\"https:\/\/www.complex-recruitment.com\/wp-content\/uploads\/2024\/10\/Group-224-300x300.png 300w, https:\/\/www.complex-recruitment.com\/wp-content\/uploads\/2024\/10\/Group-224-150x150.png 150w, https:\/\/www.complex-recruitment.com\/wp-content\/uploads\/2024\/10\/Group-224-480x480.png 480w, https:\/\/www.complex-recruitment.com\/wp-content\/uploads\/2024\/10\/Group-224.png 615w\" sizes=\"auto, (max-width: 200px) 100vw, 200px\" title=\"Group 224\" alt=\"\" loading=\"lazy\" \t\tclass=\"so-widget-image\"\/>\n\t<\/div>\n\n<\/div><\/div><div id=\"panel-gb1123-69e91b5fd084b-4-2-1\" class=\"so-panel widget widget_sow-editor panel-last-child\" data-index=\"11\" ><div\n\t\t\t\n\t\t\tclass=\"so-widget-sow-editor so-widget-sow-editor-base\"\n\t\t\t\n\t\t>\n<div class=\"siteorigin-widget-tinymce textwidget\">\n\t<p style=\"text-align: center;\"><strong>Jozon Kenneth Salvador<br \/>\n<\/strong>Direktor der Firma<\/p>\n<\/div>\n<\/div><\/div><\/div><div id=\"pgc-gb1123-69e91b5fd084b-4-3\"  class=\"panel-grid-cell\" ><div id=\"panel-gb1123-69e91b5fd084b-4-3-0\" class=\"so-panel widget widget_sow-image panel-first-child\" data-index=\"12\" ><div\n\t\t\t\n\t\t\tclass=\"so-widget-sow-image so-widget-sow-image-default-c67d20f9f743-1123\"\n\t\t\t\n\t\t>\n\n<div class=\"sow-image-container\">\n\t\t<img decoding=\"async\" src=\"https:\/\/www.complex-recruitment.com\/wp-content\/uploads\/2024\/10\/Group-275-300x300.png\" width=\"200\" height=\"200\" srcset=\"https:\/\/www.complex-recruitment.com\/wp-content\/uploads\/2024\/10\/Group-275-300x300.png 300w, https:\/\/www.complex-recruitment.com\/wp-content\/uploads\/2024\/10\/Group-275-150x150.png 150w, https:\/\/www.complex-recruitment.com\/wp-content\/uploads\/2024\/10\/Group-275-480x480.png 480w, https:\/\/www.complex-recruitment.com\/wp-content\/uploads\/2024\/10\/Group-275.png 615w\" sizes=\"auto, (max-width: 200px) 100vw, 200px\" title=\"Group 275\" alt=\"\" loading=\"lazy\" \t\tclass=\"so-widget-image\"\/>\n\t<\/div>\n\n<\/div><\/div><div id=\"panel-gb1123-69e91b5fd084b-4-3-1\" class=\"so-panel widget widget_sow-editor panel-last-child\" data-index=\"13\" ><div\n\t\t\t\n\t\t\tclass=\"so-widget-sow-editor so-widget-sow-editor-base\"\n\t\t\t\n\t\t>\n<div class=\"siteorigin-widget-tinymce textwidget\">\n\t<p style=\"text-align: center;\"><strong>Tereza Tatakova<br \/>\n<\/strong>Direktor der Firma<\/p>\n<\/div>\n<\/div><\/div><\/div><\/div><div id=\"pg-gb1123-69e91b5fd084b-5\"  class=\"panel-grid panel-no-style\" ><div id=\"pgc-gb1123-69e91b5fd084b-5-0\"  class=\"panel-grid-cell\" ><div id=\"panel-gb1123-69e91b5fd084b-5-0-0\" class=\"so-panel widget widget_sow-editor panel-first-child panel-last-child\" data-index=\"14\" ><div\n\t\t\t\n\t\t\tclass=\"so-widget-sow-editor so-widget-sow-editor-base\"\n\t\t\t\n\t\t>\n<div class=\"siteorigin-widget-tinymce textwidget\">\n\t<hr>\n<\/div>\n<\/div><\/div><\/div><\/div><div id=\"pg-gb1123-69e91b5fd084b-6\"  class=\"panel-grid panel-no-style\" ><div id=\"pgc-gb1123-69e91b5fd084b-6-0\"  class=\"panel-grid-cell\" ><div id=\"panel-gb1123-69e91b5fd084b-6-0-0\" class=\"so-panel widget widget_sow-editor panel-first-child panel-last-child\" data-index=\"15\" ><div\n\t\t\t\n\t\t\tclass=\"so-widget-sow-editor so-widget-sow-editor-base\"\n\t\t\t\n\t\t>\n<div class=\"siteorigin-widget-tinymce textwidget\">\n\t\n<\/div>\n<\/div><\/div><\/div><\/div><\/div>","protected":false},"excerpt":{"rendered":"<p>{Im Unternehmen COMPLEX International Recruitment Philippines, Inc.} ist es das Ziel, philippinische Fachleute zu st\u00e4rken, indem wir sie mit lohnenden Karrierechancen auf internationaler Ebene verbinden. Wir sind darauf ausgerichtet, der Katalysator f\u00fcr ihren Erfolg zu sein und es ihnen zu erm\u00f6glichen, ihre F\u00e4higkeiten, Talente und Expertise auf globaler Ebene zu pr\u00e4sentieren. Letztendlich ist unsere Mission, [&hellip;]<\/p>\n","protected":false},"author":3,"featured_media":722,"parent":0,"menu_order":0,"comment_status":"closed","ping_status":"closed","template":"","meta":{"footnotes":""},"class_list":["post-1123","page","type-page","status-publish","has-post-thumbnail","hentry"],"acf":[],"yoast_head":"<!-- This site is optimized with the Yoast SEO plugin v23.8 - https:\/\/yoast.com\/wordpress\/plugins\/seo\/ -->\n<title>\u00dcber uns - COMPLEX Recruitment, Inc.<\/title>\n<meta name=\"robots\" content=\"index, follow, max-snippet:-1, max-image-preview:large, max-video-preview:-1\" \/>\n<link rel=\"canonical\" href=\"https:\/\/www.complex-recruitment.com\/de\/ueber-uns\/\" \/>\n<meta property=\"og:locale\" content=\"de_DE\" \/>\n<meta property=\"og:type\" content=\"article\" \/>\n<meta property=\"og:title\" content=\"\u00dcber uns - COMPLEX Recruitment, Inc.\" \/>\n<meta property=\"og:description\" content=\"{Im Unternehmen COMPLEX International Recruitment Philippines, Inc.} ist es das Ziel, philippinische Fachleute zu st\u00e4rken, indem wir sie mit lohnenden Karrierechancen auf internationaler Ebene verbinden. Wir sind darauf ausgerichtet, der Katalysator f\u00fcr ihren Erfolg zu sein und es ihnen zu erm\u00f6glichen, ihre F\u00e4higkeiten, Talente und Expertise auf globaler Ebene zu pr\u00e4sentieren. Letztendlich ist unsere Mission, [&hellip;]\" \/>\n<meta property=\"og:url\" content=\"https:\/\/www.complex-recruitment.com\/de\/ueber-uns\/\" \/>\n<meta property=\"og:site_name\" content=\"COMPLEX Recruitment, Inc.\" \/>\n<meta property=\"article:modified_time\" content=\"2024-10-31T15:20:32+00:00\" \/>\n<meta property=\"og:image\" content=\"https:\/\/www.complex-recruitment.com\/wp-content\/uploads\/2024\/01\/portrait-confident-businesswoman-with-colleagues-office-room-posing-while-holding-digital-tablet-1024x396.jpg\" \/>\n\t<meta property=\"og:image:width\" content=\"1024\" \/>\n\t<meta property=\"og:image:height\" content=\"396\" \/>\n\t<meta property=\"og:image:type\" content=\"image\/jpeg\" \/>\n<meta name=\"twitter:card\" content=\"summary_large_image\" \/>\n<meta name=\"twitter:label1\" content=\"Gesch\u00e4tzte Lesezeit\" \/>\n\t<meta name=\"twitter:data1\" content=\"1\u00a0Minute\" \/>\n<script type=\"application\/ld+json\" class=\"yoast-schema-graph\">{\"@context\":\"https:\/\/schema.org\",\"@graph\":[{\"@type\":\"WebPage\",\"@id\":\"https:\/\/www.complex-recruitment.com\/de\/ueber-uns\/\",\"url\":\"https:\/\/www.complex-recruitment.com\/de\/ueber-uns\/\",\"name\":\"\u00dcber uns - COMPLEX Recruitment, Inc.\",\"isPartOf\":{\"@id\":\"https:\/\/www.complex-recruitment.com\/#website\"},\"primaryImageOfPage\":{\"@id\":\"https:\/\/www.complex-recruitment.com\/de\/ueber-uns\/#primaryimage\"},\"image\":{\"@id\":\"https:\/\/www.complex-recruitment.com\/de\/ueber-uns\/#primaryimage\"},\"thumbnailUrl\":\"https:\/\/www.complex-recruitment.com\/wp-content\/uploads\/2024\/01\/portrait-confident-businesswoman-with-colleagues-office-room-posing-while-holding-digital-tablet.jpg\",\"datePublished\":\"2024-01-09T12:45:44+00:00\",\"dateModified\":\"2024-10-31T15:20:32+00:00\",\"breadcrumb\":{\"@id\":\"https:\/\/www.complex-recruitment.com\/de\/ueber-uns\/#breadcrumb\"},\"inLanguage\":\"de\",\"potentialAction\":[{\"@type\":\"ReadAction\",\"target\":[\"https:\/\/www.complex-recruitment.com\/de\/ueber-uns\/\"]}]},{\"@type\":\"ImageObject\",\"inLanguage\":\"de\",\"@id\":\"https:\/\/www.complex-recruitment.com\/de\/ueber-uns\/#primaryimage\",\"url\":\"https:\/\/www.complex-recruitment.com\/wp-content\/uploads\/2024\/01\/portrait-confident-businesswoman-with-colleagues-office-room-posing-while-holding-digital-tablet.jpg\",\"contentUrl\":\"https:\/\/www.complex-recruitment.com\/wp-content\/uploads\/2024\/01\/portrait-confident-businesswoman-with-colleagues-office-room-posing-while-holding-digital-tablet.jpg\",\"width\":8000,\"height\":3090,\"caption\":\"Portrait of confident businesswoman with colleagues in office room. Posing while holding digital tablet.\"},{\"@type\":\"BreadcrumbList\",\"@id\":\"https:\/\/www.complex-recruitment.com\/de\/ueber-uns\/#breadcrumb\",\"itemListElement\":[{\"@type\":\"ListItem\",\"position\":1,\"name\":\"Home\",\"item\":\"https:\/\/www.complex-recruitment.com\/de\/sample-page\/\"},{\"@type\":\"ListItem\",\"position\":2,\"name\":\"\u00dcber uns\"}]},{\"@type\":\"WebSite\",\"@id\":\"https:\/\/www.complex-recruitment.com\/#website\",\"url\":\"https:\/\/www.complex-recruitment.com\/\",\"name\":\"COMPLEX Recruitment, Inc.\",\"description\":\"\",\"publisher\":{\"@id\":\"https:\/\/www.complex-recruitment.com\/#organization\"},\"potentialAction\":[{\"@type\":\"SearchAction\",\"target\":{\"@type\":\"EntryPoint\",\"urlTemplate\":\"https:\/\/www.complex-recruitment.com\/?s={search_term_string}\"},\"query-input\":{\"@type\":\"PropertyValueSpecification\",\"valueRequired\":true,\"valueName\":\"search_term_string\"}}],\"inLanguage\":\"de\"},{\"@type\":\"Organization\",\"@id\":\"https:\/\/www.complex-recruitment.com\/#organization\",\"name\":\"COMPLEX Recruitment, Inc.\",\"url\":\"https:\/\/www.complex-recruitment.com\/\",\"logo\":{\"@type\":\"ImageObject\",\"inLanguage\":\"de\",\"@id\":\"https:\/\/www.complex-recruitment.com\/#\/schema\/logo\/image\/\",\"url\":\"https:\/\/www.complex-recruitment.com\/wp-content\/uploads\/2024\/01\/logo.svg\",\"contentUrl\":\"https:\/\/www.complex-recruitment.com\/wp-content\/uploads\/2024\/01\/logo.svg\",\"caption\":\"COMPLEX Recruitment, Inc.\"},\"image\":{\"@id\":\"https:\/\/www.complex-recruitment.com\/#\/schema\/logo\/image\/\"}}]}<\/script>\n<!-- \/ Yoast SEO plugin. -->","yoast_head_json":{"title":"\u00dcber uns - COMPLEX Recruitment, Inc.","robots":{"index":"index","follow":"follow","max-snippet":"max-snippet:-1","max-image-preview":"max-image-preview:large","max-video-preview":"max-video-preview:-1"},"canonical":"https:\/\/www.complex-recruitment.com\/de\/ueber-uns\/","og_locale":"de_DE","og_type":"article","og_title":"\u00dcber uns - COMPLEX Recruitment, Inc.","og_description":"{Im Unternehmen COMPLEX International Recruitment Philippines, Inc.} ist es das Ziel, philippinische Fachleute zu st\u00e4rken, indem wir sie mit lohnenden Karrierechancen auf internationaler Ebene verbinden. Wir sind darauf ausgerichtet, der Katalysator f\u00fcr ihren Erfolg zu sein und es ihnen zu erm\u00f6glichen, ihre F\u00e4higkeiten, Talente und Expertise auf globaler Ebene zu pr\u00e4sentieren. Letztendlich ist unsere Mission, [&hellip;]","og_url":"https:\/\/www.complex-recruitment.com\/de\/ueber-uns\/","og_site_name":"COMPLEX Recruitment, Inc.","article_modified_time":"2024-10-31T15:20:32+00:00","og_image":[{"width":1024,"height":396,"url":"https:\/\/www.complex-recruitment.com\/wp-content\/uploads\/2024\/01\/portrait-confident-businesswoman-with-colleagues-office-room-posing-while-holding-digital-tablet-1024x396.jpg","type":"image\/jpeg"}],"twitter_card":"summary_large_image","twitter_misc":{"Gesch\u00e4tzte Lesezeit":"1\u00a0Minute"},"schema":{"@context":"https:\/\/schema.org","@graph":[{"@type":"WebPage","@id":"https:\/\/www.complex-recruitment.com\/de\/ueber-uns\/","url":"https:\/\/www.complex-recruitment.com\/de\/ueber-uns\/","name":"\u00dcber uns - COMPLEX Recruitment, Inc.","isPartOf":{"@id":"https:\/\/www.complex-recruitment.com\/#website"},"primaryImageOfPage":{"@id":"https:\/\/www.complex-recruitment.com\/de\/ueber-uns\/#primaryimage"},"image":{"@id":"https:\/\/www.complex-recruitment.com\/de\/ueber-uns\/#primaryimage"},"thumbnailUrl":"https:\/\/www.complex-recruitment.com\/wp-content\/uploads\/2024\/01\/portrait-confident-businesswoman-with-colleagues-office-room-posing-while-holding-digital-tablet.jpg","datePublished":"2024-01-09T12:45:44+00:00","dateModified":"2024-10-31T15:20:32+00:00","breadcrumb":{"@id":"https:\/\/www.complex-recruitment.com\/de\/ueber-uns\/#breadcrumb"},"inLanguage":"de","potentialAction":[{"@type":"ReadAction","target":["https:\/\/www.complex-recruitment.com\/de\/ueber-uns\/"]}]},{"@type":"ImageObject","inLanguage":"de","@id":"https:\/\/www.complex-recruitment.com\/de\/ueber-uns\/#primaryimage","url":"https:\/\/www.complex-recruitment.com\/wp-content\/uploads\/2024\/01\/portrait-confident-businesswoman-with-colleagues-office-room-posing-while-holding-digital-tablet.jpg","contentUrl":"https:\/\/www.complex-recruitment.com\/wp-content\/uploads\/2024\/01\/portrait-confident-businesswoman-with-colleagues-office-room-posing-while-holding-digital-tablet.jpg","width":8000,"height":3090,"caption":"Portrait of confident businesswoman with colleagues in office room. Posing while holding digital tablet."},{"@type":"BreadcrumbList","@id":"https:\/\/www.complex-recruitment.com\/de\/ueber-uns\/#breadcrumb","itemListElement":[{"@type":"ListItem","position":1,"name":"Home","item":"https:\/\/www.complex-recruitment.com\/de\/sample-page\/"},{"@type":"ListItem","position":2,"name":"\u00dcber uns"}]},{"@type":"WebSite","@id":"https:\/\/www.complex-recruitment.com\/#website","url":"https:\/\/www.complex-recruitment.com\/","name":"COMPLEX Recruitment, Inc.","description":"","publisher":{"@id":"https:\/\/www.complex-recruitment.com\/#organization"},"potentialAction":[{"@type":"SearchAction","target":{"@type":"EntryPoint","urlTemplate":"https:\/\/www.complex-recruitment.com\/?s={search_term_string}"},"query-input":{"@type":"PropertyValueSpecification","valueRequired":true,"valueName":"search_term_string"}}],"inLanguage":"de"},{"@type":"Organization","@id":"https:\/\/www.complex-recruitment.com\/#organization","name":"COMPLEX Recruitment, Inc.","url":"https:\/\/www.complex-recruitment.com\/","logo":{"@type":"ImageObject","inLanguage":"de","@id":"https:\/\/www.complex-recruitment.com\/#\/schema\/logo\/image\/","url":"https:\/\/www.complex-recruitment.com\/wp-content\/uploads\/2024\/01\/logo.svg","contentUrl":"https:\/\/www.complex-recruitment.com\/wp-content\/uploads\/2024\/01\/logo.svg","caption":"COMPLEX Recruitment, Inc."},"image":{"@id":"https:\/\/www.complex-recruitment.com\/#\/schema\/logo\/image\/"}}]}},"_links":{"self":[{"href":"https:\/\/www.complex-recruitment.com\/de\/wp-json\/wp\/v2\/pages\/1123","targetHints":{"allow":["GET"]}}],"collection":[{"href":"https:\/\/www.complex-recruitment.com\/de\/wp-json\/wp\/v2\/pages"}],"about":[{"href":"https:\/\/www.complex-recruitment.com\/de\/wp-json\/wp\/v2\/types\/page"}],"author":[{"embeddable":true,"href":"https:\/\/www.complex-recruitment.com\/de\/wp-json\/wp\/v2\/users\/3"}],"replies":[{"embeddable":true,"href":"https:\/\/www.complex-recruitment.com\/de\/wp-json\/wp\/v2\/comments?post=1123"}],"version-history":[{"count":6,"href":"https:\/\/www.complex-recruitment.com\/de\/wp-json\/wp\/v2\/pages\/1123\/revisions"}],"predecessor-version":[{"id":1516,"href":"https:\/\/www.complex-recruitment.com\/de\/wp-json\/wp\/v2\/pages\/1123\/revisions\/1516"}],"wp:featuredmedia":[{"embeddable":true,"href":"https:\/\/www.complex-recruitment.com\/de\/wp-json\/wp\/v2\/media\/722"}],"wp:attachment":[{"href":"https:\/\/www.complex-recruitment.com\/de\/wp-json\/wp\/v2\/media?parent=1123"}],"curies":[{"name":"wp","href":"https:\/\/api.w.org\/{rel}","templated":true}]}}