{"id":1338,"date":"2024-01-09T12:45:44","date_gmt":"2024-01-09T12:45:44","guid":{"rendered":"https:\/\/www.complex-recruitment.com\/o-nas\/"},"modified":"2024-10-31T15:19:04","modified_gmt":"2024-10-31T15:19:04","slug":"o-nas","status":"publish","type":"page","link":"https:\/\/www.complex-recruitment.com\/cs\/o-nas\/","title":{"rendered":"O n\u00e1s"},"content":{"rendered":"<div id=\"pl-gb1338-69e93189bacdc\"  class=\"panel-layout\" ><div id=\"pg-gb1338-69e93189bacdc-0\"  class=\"panel-grid panel-no-style\" ><div id=\"pgc-gb1338-69e93189bacdc-0-0\"  class=\"panel-grid-cell\" ><div id=\"panel-gb1338-69e93189bacdc-0-0-0\" class=\"so-panel widget widget_sow-image panel-first-child panel-last-child\" data-index=\"0\" ><div\n\t\t\t\n\t\t\tclass=\"so-widget-sow-image so-widget-sow-image-default-8b5b6f678277-1338\"\n\t\t\t\n\t\t>\n\n<div class=\"sow-image-container\">\n\t\t<img decoding=\"async\" src=\"https:\/\/www.complex-recruitment.com\/wp-content\/uploads\/2024\/01\/Group-476.png\" width=\"1034\" height=\"560\" srcset=\"https:\/\/www.complex-recruitment.com\/wp-content\/uploads\/2024\/01\/Group-476.png 1034w, https:\/\/www.complex-recruitment.com\/wp-content\/uploads\/2024\/01\/Group-476-300x162.png 300w, https:\/\/www.complex-recruitment.com\/wp-content\/uploads\/2024\/01\/Group-476-1024x555.png 1024w, https:\/\/www.complex-recruitment.com\/wp-content\/uploads\/2024\/01\/Group-476-768x416.png 768w, https:\/\/www.complex-recruitment.com\/wp-content\/uploads\/2024\/01\/Group-476-480x260.png 480w, https:\/\/www.complex-recruitment.com\/wp-content\/uploads\/2024\/01\/Group-476-992x537.png 992w\" sizes=\"auto, (max-width: 1034px) 100vw, 1034px\" title=\"Group 476\" alt=\"\" loading=\"lazy\" \t\tclass=\"so-widget-image\"\/>\n\t<\/div>\n\n<\/div><\/div><\/div><div id=\"pgc-gb1338-69e93189bacdc-0-1\"  class=\"panel-grid-cell\" ><div id=\"panel-gb1338-69e93189bacdc-0-1-0\" class=\"so-panel widget widget_sow-editor panel-first-child panel-last-child\" data-index=\"1\" ><div\n\t\t\t\n\t\t\tclass=\"so-widget-sow-editor so-widget-sow-editor-base\"\n\t\t\t\n\t\t>\n<div class=\"siteorigin-widget-tinymce textwidget\">\n\t<h3>Ve spole\u010dnosti <span class=\"pink\">{<\/span>COMPLEX International Recruitment Philippines, Inc.<span class=\"pink\">}<\/span> je na\u0161\u00edm c\u00edlem pos\u00edlit filip\u00ednsk\u00e9 profesion\u00e1ly t\u00edm, \u017ee je spoj\u00edme s odm\u011b\u0148uj\u00edc\u00edmi kari\u00e9rn\u00edmi <span class=\"pink\">p\u0159\u00edle\u017eitostmi na mezin\u00e1rodn\u00ed \u00farovni<\/span>.<\/h3>\n<p>Jsme odhodl\u00e1ni b\u00fdt katalyz\u00e1torem jejich \u00fasp\u011bchu a umo\u017enit jim p\u0159edv\u00e9st sv\u00e9 schopnosti, talent a odborn\u00e9 znalosti v glob\u00e1ln\u00edm m\u011b\u0159\u00edtku. V kone\u010dn\u00e9m d\u016fsledku je na\u0161\u00edm posl\u00e1n\u00edm b\u00fdt p\u0159edn\u00ed person\u00e1ln\u00ed agenturou, kter\u00e1 spojuje filip\u00ednsk\u00e9 talenty s glob\u00e1ln\u00edmi p\u0159\u00edle\u017eitostmi a hraje kl\u00ed\u010dovou roli p\u0159i formov\u00e1n\u00ed budouc\u00edch \u00fasp\u011b\u0161n\u00fdch p\u0159\u00edb\u011bh\u016f jednotlivc\u016f a organizac\u00ed.<\/p>\n<\/div>\n<\/div><\/div><\/div><\/div><div id=\"pg-gb1338-69e93189bacdc-1\"  class=\"panel-grid panel-no-style\" ><div id=\"pgc-gb1338-69e93189bacdc-1-0\"  class=\"panel-grid-cell\" ><div id=\"panel-gb1338-69e93189bacdc-1-0-0\" class=\"so-panel widget widget_sow-editor panel-first-child panel-last-child\" data-index=\"2\" ><div\n\t\t\t\n\t\t\tclass=\"so-widget-sow-editor so-widget-sow-editor-base\"\n\t\t\t\n\t\t>\n<div class=\"siteorigin-widget-tinymce textwidget\">\n\t<hr>\n<\/div>\n<\/div><\/div><\/div><\/div><div id=\"pg-gb1338-69e93189bacdc-2\"  class=\"panel-grid panel-no-style\" ><div id=\"pgc-gb1338-69e93189bacdc-2-0\"  class=\"panel-grid-cell panel-grid-cell-empty\" ><\/div><div id=\"pgc-gb1338-69e93189bacdc-2-1\"  class=\"panel-grid-cell panel-grid-cell-mobile-last\" ><div id=\"panel-gb1338-69e93189bacdc-2-1-0\" class=\"so-panel widget widget_sow-editor panel-first-child panel-last-child\" data-index=\"3\" ><div\n\t\t\t\n\t\t\tclass=\"so-widget-sow-editor so-widget-sow-editor-base\"\n\t\t\t\n\t\t>\n<div class=\"siteorigin-widget-tinymce textwidget\">\n\t<h2 style=\"text-align: center;\">N\u00e1\u0161 <span class=\"pink\">{<\/span>mezin\u00e1rodn\u00ed<span class=\"pink\">}<\/span> t\u00fdm tvo\u0159\u00ed odborn\u00edci s v\u00edce ne\u017e <span class=\"pink\">10let\u00fdmi zku\u0161enostmi <\/span> \ud83c\udfc6 se zku\u0161enostmi s person\u00e1ln\u00edm n\u00e1borem pracovn\u00edk\u016f pro firmy z Evropy a oblasti Persk\u00e9ho z\u00e1livu.<\/h2>\n<\/div>\n<\/div><\/div><\/div><div id=\"pgc-gb1338-69e93189bacdc-2-2\"  class=\"panel-grid-cell panel-grid-cell-empty\" ><\/div><\/div><div id=\"pg-gb1338-69e93189bacdc-3\"  class=\"panel-grid panel-no-style\" ><div id=\"pgc-gb1338-69e93189bacdc-3-0\"  class=\"panel-grid-cell\" ><div id=\"panel-gb1338-69e93189bacdc-3-0-0\" class=\"so-panel widget widget_sow-editor panel-first-child panel-last-child\" data-index=\"4\" ><div\n\t\t\t\n\t\t\tclass=\"so-widget-sow-editor so-widget-sow-editor-base\"\n\t\t\t\n\t\t>\n<div class=\"siteorigin-widget-tinymce textwidget\">\n\t<h3>Kdo vede <span class=\"pink\">komplexn\u00ed n\u00e1borov\u00fd proces?<\/span><\/h3>\n<h3><\/h3>\n<\/div>\n<\/div><\/div><\/div><div id=\"pgc-gb1338-69e93189bacdc-3-1\"  class=\"panel-grid-cell\" ><div id=\"panel-gb1338-69e93189bacdc-3-1-0\" class=\"so-panel widget widget_sow-editor panel-first-child panel-last-child\" data-index=\"5\" ><div\n\t\t\t\n\t\t\tclass=\"so-widget-sow-editor so-widget-sow-editor-base\"\n\t\t\t\n\t\t>\n<div class=\"siteorigin-widget-tinymce textwidget\">\n\t<p>N\u00e1bor spojuje \u0161pi\u010dkov\u00e9 odborn\u00edky z Filip\u00edn i Evropy, d\u00edky \u010demu\u017e dokonale rozum\u00edme filip\u00ednsk\u00e9mu trhu pr\u00e1ce a pot\u0159eb\u00e1m mezin\u00e1rodn\u00edch spole\u010dnost\u00ed. Vztahy s firemn\u00edmi klienty i filip\u00ednsk\u00fdmi pracovn\u00edky budujeme na vz\u00e1jemn\u00e9m respektu a d\u016fv\u011b\u0159e.<\/p>\n<\/div>\n<\/div><\/div><\/div><\/div><div id=\"pg-gb1338-69e93189bacdc-4\"  class=\"panel-grid panel-no-style\" ><div id=\"pgc-gb1338-69e93189bacdc-4-0\"  class=\"panel-grid-cell\" ><div id=\"panel-gb1338-69e93189bacdc-4-0-0\" class=\"so-panel widget widget_sow-image panel-first-child\" data-index=\"6\" ><div\n\t\t\t\n\t\t\tclass=\"so-widget-sow-image so-widget-sow-image-default-c67d20f9f743-1338\"\n\t\t\t\n\t\t>\n\n<div class=\"sow-image-container\">\n\t\t<img decoding=\"async\" src=\"https:\/\/www.complex-recruitment.com\/wp-content\/uploads\/2024\/10\/Group-274-300x300.png\" width=\"200\" height=\"200\" srcset=\"https:\/\/www.complex-recruitment.com\/wp-content\/uploads\/2024\/10\/Group-274-300x300.png 300w, https:\/\/www.complex-recruitment.com\/wp-content\/uploads\/2024\/10\/Group-274-150x150.png 150w, https:\/\/www.complex-recruitment.com\/wp-content\/uploads\/2024\/10\/Group-274-480x480.png 480w, https:\/\/www.complex-recruitment.com\/wp-content\/uploads\/2024\/10\/Group-274.png 615w\" sizes=\"auto, (max-width: 200px) 100vw, 200px\" title=\"Group 274\" alt=\"\" loading=\"lazy\" \t\tclass=\"so-widget-image\"\/>\n\t<\/div>\n\n<\/div><\/div><div id=\"panel-gb1338-69e93189bacdc-4-0-1\" class=\"so-panel widget widget_sow-editor panel-last-child\" data-index=\"7\" ><div\n\t\t\t\n\t\t\tclass=\"so-widget-sow-editor so-widget-sow-editor-base\"\n\t\t\t\n\t\t>\n<div class=\"siteorigin-widget-tinymce textwidget\">\n\t<p style=\"text-align: center;\"><strong>Cartian Kristisse Beatrice S. Habana<\/strong><br \/>\nPrezident spole\u010dnosti, \u0159editel<\/p>\n<\/div>\n<\/div><\/div><\/div><div id=\"pgc-gb1338-69e93189bacdc-4-1\"  class=\"panel-grid-cell\" ><div id=\"panel-gb1338-69e93189bacdc-4-1-0\" class=\"so-panel widget widget_sow-image panel-first-child\" data-index=\"8\" ><div\n\t\t\t\n\t\t\tclass=\"so-widget-sow-image so-widget-sow-image-default-c67d20f9f743-1338\"\n\t\t\t\n\t\t>\n\n<div class=\"sow-image-container\">\n\t\t<img decoding=\"async\" src=\"https:\/\/www.complex-recruitment.com\/wp-content\/uploads\/2024\/10\/Group-276-300x300.png\" width=\"200\" height=\"200\" srcset=\"https:\/\/www.complex-recruitment.com\/wp-content\/uploads\/2024\/10\/Group-276-300x300.png 300w, https:\/\/www.complex-recruitment.com\/wp-content\/uploads\/2024\/10\/Group-276-150x150.png 150w, https:\/\/www.complex-recruitment.com\/wp-content\/uploads\/2024\/10\/Group-276-480x480.png 480w, https:\/\/www.complex-recruitment.com\/wp-content\/uploads\/2024\/10\/Group-276.png 615w\" sizes=\"auto, (max-width: 200px) 100vw, 200px\" title=\"Group 276\" alt=\"\" loading=\"lazy\" \t\tclass=\"so-widget-image\"\/>\n\t<\/div>\n\n<\/div><\/div><div id=\"panel-gb1338-69e93189bacdc-4-1-1\" class=\"so-panel widget widget_sow-editor panel-last-child\" data-index=\"9\" ><div\n\t\t\t\n\t\t\tclass=\"so-widget-sow-editor so-widget-sow-editor-base\"\n\t\t\t\n\t\t>\n<div class=\"siteorigin-widget-tinymce textwidget\">\n\t<p style=\"text-align: center;\"><strong>Renoir Glodoviza<br \/>\n<\/strong>\u0158editel spole\u010dnosti<\/p>\n<\/div>\n<\/div><\/div><\/div><div id=\"pgc-gb1338-69e93189bacdc-4-2\"  class=\"panel-grid-cell\" ><div id=\"panel-gb1338-69e93189bacdc-4-2-0\" class=\"so-panel widget widget_sow-image panel-first-child\" data-index=\"10\" ><div\n\t\t\t\n\t\t\tclass=\"so-widget-sow-image so-widget-sow-image-default-c67d20f9f743-1338\"\n\t\t\t\n\t\t>\n\n<div class=\"sow-image-container\">\n\t\t<img decoding=\"async\" src=\"https:\/\/www.complex-recruitment.com\/wp-content\/uploads\/2024\/10\/Group-224-300x300.png\" width=\"200\" height=\"200\" srcset=\"https:\/\/www.complex-recruitment.com\/wp-content\/uploads\/2024\/10\/Group-224-300x300.png 300w, https:\/\/www.complex-recruitment.com\/wp-content\/uploads\/2024\/10\/Group-224-150x150.png 150w, https:\/\/www.complex-recruitment.com\/wp-content\/uploads\/2024\/10\/Group-224-480x480.png 480w, https:\/\/www.complex-recruitment.com\/wp-content\/uploads\/2024\/10\/Group-224.png 615w\" sizes=\"auto, (max-width: 200px) 100vw, 200px\" title=\"Group 224\" alt=\"\" loading=\"lazy\" \t\tclass=\"so-widget-image\"\/>\n\t<\/div>\n\n<\/div><\/div><div id=\"panel-gb1338-69e93189bacdc-4-2-1\" class=\"so-panel widget widget_sow-editor panel-last-child\" data-index=\"11\" ><div\n\t\t\t\n\t\t\tclass=\"so-widget-sow-editor so-widget-sow-editor-base\"\n\t\t\t\n\t\t>\n<div class=\"siteorigin-widget-tinymce textwidget\">\n\t<p style=\"text-align: center;\"><strong>Jozon Kenneth Salvador<br \/>\n<\/strong>\u0158editel spole\u010dnosti<\/p>\n<\/div>\n<\/div><\/div><\/div><div id=\"pgc-gb1338-69e93189bacdc-4-3\"  class=\"panel-grid-cell\" ><div id=\"panel-gb1338-69e93189bacdc-4-3-0\" class=\"so-panel widget widget_sow-image panel-first-child\" data-index=\"12\" ><div\n\t\t\t\n\t\t\tclass=\"so-widget-sow-image so-widget-sow-image-default-c67d20f9f743-1338\"\n\t\t\t\n\t\t>\n\n<div class=\"sow-image-container\">\n\t\t<img decoding=\"async\" src=\"https:\/\/www.complex-recruitment.com\/wp-content\/uploads\/2024\/10\/Group-275-300x300.png\" width=\"200\" height=\"200\" srcset=\"https:\/\/www.complex-recruitment.com\/wp-content\/uploads\/2024\/10\/Group-275-300x300.png 300w, https:\/\/www.complex-recruitment.com\/wp-content\/uploads\/2024\/10\/Group-275-150x150.png 150w, https:\/\/www.complex-recruitment.com\/wp-content\/uploads\/2024\/10\/Group-275-480x480.png 480w, https:\/\/www.complex-recruitment.com\/wp-content\/uploads\/2024\/10\/Group-275.png 615w\" sizes=\"auto, (max-width: 200px) 100vw, 200px\" title=\"Group 275\" alt=\"\" loading=\"lazy\" \t\tclass=\"so-widget-image\"\/>\n\t<\/div>\n\n<\/div><\/div><div id=\"panel-gb1338-69e93189bacdc-4-3-1\" class=\"so-panel widget widget_sow-editor panel-last-child\" data-index=\"13\" ><div\n\t\t\t\n\t\t\tclass=\"so-widget-sow-editor so-widget-sow-editor-base\"\n\t\t\t\n\t\t>\n<div class=\"siteorigin-widget-tinymce textwidget\">\n\t<p style=\"text-align: center;\"><strong>Tereza Tatakova<br \/>\n<\/strong>\u0158editel spole\u010dnosti<\/p>\n<\/div>\n<\/div><\/div><\/div><\/div><div id=\"pg-gb1338-69e93189bacdc-5\"  class=\"panel-grid panel-no-style\" ><div id=\"pgc-gb1338-69e93189bacdc-5-0\"  class=\"panel-grid-cell\" ><div id=\"panel-gb1338-69e93189bacdc-5-0-0\" class=\"so-panel widget widget_sow-editor panel-first-child panel-last-child\" data-index=\"14\" ><div\n\t\t\t\n\t\t\tclass=\"so-widget-sow-editor so-widget-sow-editor-base\"\n\t\t\t\n\t\t>\n<div class=\"siteorigin-widget-tinymce textwidget\">\n\t<hr>\n<\/div>\n<\/div><\/div><\/div><\/div><div id=\"pg-gb1338-69e93189bacdc-6\"  class=\"panel-grid panel-no-style\" ><div id=\"pgc-gb1338-69e93189bacdc-6-0\"  class=\"panel-grid-cell\" ><div id=\"panel-gb1338-69e93189bacdc-6-0-0\" class=\"so-panel widget widget_sow-editor panel-first-child panel-last-child\" data-index=\"15\" ><div\n\t\t\t\n\t\t\tclass=\"so-widget-sow-editor so-widget-sow-editor-base\"\n\t\t\t\n\t\t>\n<div class=\"siteorigin-widget-tinymce textwidget\">\n\t\n<\/div>\n<\/div><\/div><\/div><\/div><\/div>","protected":false},"excerpt":{"rendered":"<p>Ve spole\u010dnosti {COMPLEX International Recruitment Philippines, Inc.} je na\u0161\u00edm c\u00edlem pos\u00edlit filip\u00ednsk\u00e9 profesion\u00e1ly t\u00edm, \u017ee je spoj\u00edme s odm\u011b\u0148uj\u00edc\u00edmi kari\u00e9rn\u00edmi p\u0159\u00edle\u017eitostmi na mezin\u00e1rodn\u00ed \u00farovni. Jsme odhodl\u00e1ni b\u00fdt katalyz\u00e1torem jejich \u00fasp\u011bchu a umo\u017enit jim p\u0159edv\u00e9st sv\u00e9 schopnosti, talent a odborn\u00e9 znalosti v glob\u00e1ln\u00edm m\u011b\u0159\u00edtku. V kone\u010dn\u00e9m d\u016fsledku je na\u0161\u00edm posl\u00e1n\u00edm b\u00fdt p\u0159edn\u00ed person\u00e1ln\u00ed agenturou, kter\u00e1 spojuje [&hellip;]<\/p>\n","protected":false},"author":3,"featured_media":1339,"parent":0,"menu_order":0,"comment_status":"closed","ping_status":"closed","template":"","meta":{"footnotes":""},"class_list":["post-1338","page","type-page","status-publish","has-post-thumbnail","hentry"],"acf":[],"yoast_head":"<!-- This site is optimized with the Yoast SEO plugin v23.8 - https:\/\/yoast.com\/wordpress\/plugins\/seo\/ -->\n<title>O n\u00e1s - COMPLEX Recruitment, Inc.<\/title>\n<meta name=\"robots\" content=\"index, follow, max-snippet:-1, max-image-preview:large, max-video-preview:-1\" \/>\n<link rel=\"canonical\" href=\"https:\/\/www.complex-recruitment.com\/cs\/o-nas\/\" \/>\n<meta property=\"og:locale\" content=\"cs_CZ\" \/>\n<meta property=\"og:type\" content=\"article\" \/>\n<meta property=\"og:title\" content=\"O n\u00e1s - COMPLEX Recruitment, Inc.\" \/>\n<meta property=\"og:description\" content=\"Ve spole\u010dnosti {COMPLEX International Recruitment Philippines, Inc.} je na\u0161\u00edm c\u00edlem pos\u00edlit filip\u00ednsk\u00e9 profesion\u00e1ly t\u00edm, \u017ee je spoj\u00edme s odm\u011b\u0148uj\u00edc\u00edmi kari\u00e9rn\u00edmi p\u0159\u00edle\u017eitostmi na mezin\u00e1rodn\u00ed \u00farovni. Jsme odhodl\u00e1ni b\u00fdt katalyz\u00e1torem jejich \u00fasp\u011bchu a umo\u017enit jim p\u0159edv\u00e9st sv\u00e9 schopnosti, talent a odborn\u00e9 znalosti v glob\u00e1ln\u00edm m\u011b\u0159\u00edtku. V kone\u010dn\u00e9m d\u016fsledku je na\u0161\u00edm posl\u00e1n\u00edm b\u00fdt p\u0159edn\u00ed person\u00e1ln\u00ed agenturou, kter\u00e1 spojuje [&hellip;]\" \/>\n<meta property=\"og:url\" content=\"https:\/\/www.complex-recruitment.com\/cs\/o-nas\/\" \/>\n<meta property=\"og:site_name\" content=\"COMPLEX Recruitment, Inc.\" \/>\n<meta property=\"article:modified_time\" content=\"2024-10-31T15:19:04+00:00\" \/>\n<meta property=\"og:image\" content=\"https:\/\/www.complex-recruitment.com\/wp-content\/uploads\/2024\/01\/portrait-confident-businesswoman-with-colleagues-office-room-posing-while-holding-digital-tablet.jpg\" \/>\n\t<meta property=\"og:image:width\" content=\"2500\" \/>\n\t<meta property=\"og:image:height\" content=\"966\" \/>\n\t<meta property=\"og:image:type\" content=\"image\/jpeg\" \/>\n<meta name=\"twitter:card\" content=\"summary_large_image\" \/>\n<meta name=\"twitter:label1\" content=\"Odhadovan\u00e1 doba \u010dten\u00ed\" \/>\n\t<meta name=\"twitter:data1\" content=\"1 minuta\" \/>\n<script type=\"application\/ld+json\" class=\"yoast-schema-graph\">{\"@context\":\"https:\/\/schema.org\",\"@graph\":[{\"@type\":\"WebPage\",\"@id\":\"https:\/\/www.complex-recruitment.com\/cs\/o-nas\/\",\"url\":\"https:\/\/www.complex-recruitment.com\/cs\/o-nas\/\",\"name\":\"O n\u00e1s - COMPLEX Recruitment, Inc.\",\"isPartOf\":{\"@id\":\"https:\/\/www.complex-recruitment.com\/#website\"},\"primaryImageOfPage\":{\"@id\":\"https:\/\/www.complex-recruitment.com\/cs\/o-nas\/#primaryimage\"},\"image\":{\"@id\":\"https:\/\/www.complex-recruitment.com\/cs\/o-nas\/#primaryimage\"},\"thumbnailUrl\":\"https:\/\/www.complex-recruitment.com\/wp-content\/uploads\/2024\/01\/portrait-confident-businesswoman-with-colleagues-office-room-posing-while-holding-digital-tablet.jpg\",\"datePublished\":\"2024-01-09T12:45:44+00:00\",\"dateModified\":\"2024-10-31T15:19:04+00:00\",\"breadcrumb\":{\"@id\":\"https:\/\/www.complex-recruitment.com\/cs\/o-nas\/#breadcrumb\"},\"inLanguage\":\"cs\",\"potentialAction\":[{\"@type\":\"ReadAction\",\"target\":[\"https:\/\/www.complex-recruitment.com\/cs\/o-nas\/\"]}]},{\"@type\":\"ImageObject\",\"inLanguage\":\"cs\",\"@id\":\"https:\/\/www.complex-recruitment.com\/cs\/o-nas\/#primaryimage\",\"url\":\"https:\/\/www.complex-recruitment.com\/wp-content\/uploads\/2024\/01\/portrait-confident-businesswoman-with-colleagues-office-room-posing-while-holding-digital-tablet.jpg\",\"contentUrl\":\"https:\/\/www.complex-recruitment.com\/wp-content\/uploads\/2024\/01\/portrait-confident-businesswoman-with-colleagues-office-room-posing-while-holding-digital-tablet.jpg\",\"width\":2500,\"height\":966,\"caption\":\"Portrait of confident businesswoman with colleagues in office room. Posing while holding digital tablet.\"},{\"@type\":\"BreadcrumbList\",\"@id\":\"https:\/\/www.complex-recruitment.com\/cs\/o-nas\/#breadcrumb\",\"itemListElement\":[{\"@type\":\"ListItem\",\"position\":1,\"name\":\"Home\",\"item\":\"https:\/\/www.complex-recruitment.com\/cs\/uvod\/\"},{\"@type\":\"ListItem\",\"position\":2,\"name\":\"O n\u00e1s\"}]},{\"@type\":\"WebSite\",\"@id\":\"https:\/\/www.complex-recruitment.com\/#website\",\"url\":\"https:\/\/www.complex-recruitment.com\/\",\"name\":\"COMPLEX Recruitment, Inc.\",\"description\":\"\",\"publisher\":{\"@id\":\"https:\/\/www.complex-recruitment.com\/#organization\"},\"potentialAction\":[{\"@type\":\"SearchAction\",\"target\":{\"@type\":\"EntryPoint\",\"urlTemplate\":\"https:\/\/www.complex-recruitment.com\/?s={search_term_string}\"},\"query-input\":{\"@type\":\"PropertyValueSpecification\",\"valueRequired\":true,\"valueName\":\"search_term_string\"}}],\"inLanguage\":\"cs\"},{\"@type\":\"Organization\",\"@id\":\"https:\/\/www.complex-recruitment.com\/#organization\",\"name\":\"COMPLEX Recruitment, Inc.\",\"url\":\"https:\/\/www.complex-recruitment.com\/\",\"logo\":{\"@type\":\"ImageObject\",\"inLanguage\":\"cs\",\"@id\":\"https:\/\/www.complex-recruitment.com\/#\/schema\/logo\/image\/\",\"url\":\"https:\/\/www.complex-recruitment.com\/wp-content\/uploads\/2024\/01\/logo.svg\",\"contentUrl\":\"https:\/\/www.complex-recruitment.com\/wp-content\/uploads\/2024\/01\/logo.svg\",\"caption\":\"COMPLEX Recruitment, Inc.\"},\"image\":{\"@id\":\"https:\/\/www.complex-recruitment.com\/#\/schema\/logo\/image\/\"}}]}<\/script>\n<!-- \/ Yoast SEO plugin. -->","yoast_head_json":{"title":"O n\u00e1s - COMPLEX Recruitment, Inc.","robots":{"index":"index","follow":"follow","max-snippet":"max-snippet:-1","max-image-preview":"max-image-preview:large","max-video-preview":"max-video-preview:-1"},"canonical":"https:\/\/www.complex-recruitment.com\/cs\/o-nas\/","og_locale":"cs_CZ","og_type":"article","og_title":"O n\u00e1s - COMPLEX Recruitment, Inc.","og_description":"Ve spole\u010dnosti {COMPLEX International Recruitment Philippines, Inc.} je na\u0161\u00edm c\u00edlem pos\u00edlit filip\u00ednsk\u00e9 profesion\u00e1ly t\u00edm, \u017ee je spoj\u00edme s odm\u011b\u0148uj\u00edc\u00edmi kari\u00e9rn\u00edmi p\u0159\u00edle\u017eitostmi na mezin\u00e1rodn\u00ed \u00farovni. Jsme odhodl\u00e1ni b\u00fdt katalyz\u00e1torem jejich \u00fasp\u011bchu a umo\u017enit jim p\u0159edv\u00e9st sv\u00e9 schopnosti, talent a odborn\u00e9 znalosti v glob\u00e1ln\u00edm m\u011b\u0159\u00edtku. V kone\u010dn\u00e9m d\u016fsledku je na\u0161\u00edm posl\u00e1n\u00edm b\u00fdt p\u0159edn\u00ed person\u00e1ln\u00ed agenturou, kter\u00e1 spojuje [&hellip;]","og_url":"https:\/\/www.complex-recruitment.com\/cs\/o-nas\/","og_site_name":"COMPLEX Recruitment, Inc.","article_modified_time":"2024-10-31T15:19:04+00:00","og_image":[{"width":2500,"height":966,"url":"https:\/\/www.complex-recruitment.com\/wp-content\/uploads\/2024\/01\/portrait-confident-businesswoman-with-colleagues-office-room-posing-while-holding-digital-tablet.jpg","type":"image\/jpeg"}],"twitter_card":"summary_large_image","twitter_misc":{"Odhadovan\u00e1 doba \u010dten\u00ed":"1 minuta"},"schema":{"@context":"https:\/\/schema.org","@graph":[{"@type":"WebPage","@id":"https:\/\/www.complex-recruitment.com\/cs\/o-nas\/","url":"https:\/\/www.complex-recruitment.com\/cs\/o-nas\/","name":"O n\u00e1s - COMPLEX Recruitment, Inc.","isPartOf":{"@id":"https:\/\/www.complex-recruitment.com\/#website"},"primaryImageOfPage":{"@id":"https:\/\/www.complex-recruitment.com\/cs\/o-nas\/#primaryimage"},"image":{"@id":"https:\/\/www.complex-recruitment.com\/cs\/o-nas\/#primaryimage"},"thumbnailUrl":"https:\/\/www.complex-recruitment.com\/wp-content\/uploads\/2024\/01\/portrait-confident-businesswoman-with-colleagues-office-room-posing-while-holding-digital-tablet.jpg","datePublished":"2024-01-09T12:45:44+00:00","dateModified":"2024-10-31T15:19:04+00:00","breadcrumb":{"@id":"https:\/\/www.complex-recruitment.com\/cs\/o-nas\/#breadcrumb"},"inLanguage":"cs","potentialAction":[{"@type":"ReadAction","target":["https:\/\/www.complex-recruitment.com\/cs\/o-nas\/"]}]},{"@type":"ImageObject","inLanguage":"cs","@id":"https:\/\/www.complex-recruitment.com\/cs\/o-nas\/#primaryimage","url":"https:\/\/www.complex-recruitment.com\/wp-content\/uploads\/2024\/01\/portrait-confident-businesswoman-with-colleagues-office-room-posing-while-holding-digital-tablet.jpg","contentUrl":"https:\/\/www.complex-recruitment.com\/wp-content\/uploads\/2024\/01\/portrait-confident-businesswoman-with-colleagues-office-room-posing-while-holding-digital-tablet.jpg","width":2500,"height":966,"caption":"Portrait of confident businesswoman with colleagues in office room. Posing while holding digital tablet."},{"@type":"BreadcrumbList","@id":"https:\/\/www.complex-recruitment.com\/cs\/o-nas\/#breadcrumb","itemListElement":[{"@type":"ListItem","position":1,"name":"Home","item":"https:\/\/www.complex-recruitment.com\/cs\/uvod\/"},{"@type":"ListItem","position":2,"name":"O n\u00e1s"}]},{"@type":"WebSite","@id":"https:\/\/www.complex-recruitment.com\/#website","url":"https:\/\/www.complex-recruitment.com\/","name":"COMPLEX Recruitment, Inc.","description":"","publisher":{"@id":"https:\/\/www.complex-recruitment.com\/#organization"},"potentialAction":[{"@type":"SearchAction","target":{"@type":"EntryPoint","urlTemplate":"https:\/\/www.complex-recruitment.com\/?s={search_term_string}"},"query-input":{"@type":"PropertyValueSpecification","valueRequired":true,"valueName":"search_term_string"}}],"inLanguage":"cs"},{"@type":"Organization","@id":"https:\/\/www.complex-recruitment.com\/#organization","name":"COMPLEX Recruitment, Inc.","url":"https:\/\/www.complex-recruitment.com\/","logo":{"@type":"ImageObject","inLanguage":"cs","@id":"https:\/\/www.complex-recruitment.com\/#\/schema\/logo\/image\/","url":"https:\/\/www.complex-recruitment.com\/wp-content\/uploads\/2024\/01\/logo.svg","contentUrl":"https:\/\/www.complex-recruitment.com\/wp-content\/uploads\/2024\/01\/logo.svg","caption":"COMPLEX Recruitment, Inc."},"image":{"@id":"https:\/\/www.complex-recruitment.com\/#\/schema\/logo\/image\/"}}]}},"_links":{"self":[{"href":"https:\/\/www.complex-recruitment.com\/cs\/wp-json\/wp\/v2\/pages\/1338","targetHints":{"allow":["GET"]}}],"collection":[{"href":"https:\/\/www.complex-recruitment.com\/cs\/wp-json\/wp\/v2\/pages"}],"about":[{"href":"https:\/\/www.complex-recruitment.com\/cs\/wp-json\/wp\/v2\/types\/page"}],"author":[{"embeddable":true,"href":"https:\/\/www.complex-recruitment.com\/cs\/wp-json\/wp\/v2\/users\/3"}],"replies":[{"embeddable":true,"href":"https:\/\/www.complex-recruitment.com\/cs\/wp-json\/wp\/v2\/comments?post=1338"}],"version-history":[{"count":4,"href":"https:\/\/www.complex-recruitment.com\/cs\/wp-json\/wp\/v2\/pages\/1338\/revisions"}],"predecessor-version":[{"id":1515,"href":"https:\/\/www.complex-recruitment.com\/cs\/wp-json\/wp\/v2\/pages\/1338\/revisions\/1515"}],"wp:featuredmedia":[{"embeddable":true,"href":"https:\/\/www.complex-recruitment.com\/cs\/wp-json\/wp\/v2\/media\/1339"}],"wp:attachment":[{"href":"https:\/\/www.complex-recruitment.com\/cs\/wp-json\/wp\/v2\/media?parent=1338"}],"curies":[{"name":"wp","href":"https:\/\/api.w.org\/{rel}","templated":true}]}}