{"id":1336,"date":"2023-12-22T08:15:42","date_gmt":"2023-12-22T08:15:42","guid":{"rendered":"https:\/\/www.complex-recruitment.com\/privacy-policy\/"},"modified":"2024-02-13T07:31:33","modified_gmt":"2024-02-13T07:31:33","slug":"privacy-policy","status":"publish","type":"page","link":"https:\/\/www.complex-recruitment.com\/cs\/privacy-policy\/","title":{"rendered":"Privacy Policy"},"content":{"rendered":"<div id=\"pl-gb1336-69e91b3199481\"  class=\"panel-layout\" ><div id=\"pg-gb1336-69e91b3199481-0\"  class=\"panel-grid panel-no-style\" ><div id=\"pgc-gb1336-69e91b3199481-0-0\"  class=\"panel-grid-cell panel-grid-cell-empty\" ><\/div><div id=\"pgc-gb1336-69e91b3199481-0-1\"  class=\"panel-grid-cell panel-grid-cell-mobile-last\" ><div id=\"panel-gb1336-69e91b3199481-0-1-0\" class=\"so-panel widget widget_sow-editor panel-first-child panel-last-child\" data-index=\"0\" ><div\n\t\t\t\n\t\t\tclass=\"so-widget-sow-editor so-widget-sow-editor-base\"\n\t\t\t\n\t\t>\n<div class=\"siteorigin-widget-tinymce textwidget\">\n\t<p>1.<strong> SPOLO\u010cNOS\u0164<\/strong> <strong>COMPLEX Philippines s.r.o. <\/strong>Pearl Bank Centre, 146 Valero, Makati, 1227 Kalakhang Maynila ako prev\u00e1dzkovate\u013e (\u010falej len \u201eprev\u00e1dzkovate\u013e\u201c) garantuje bezpe\u010dnos\u0165 a ochranu zveren\u00fdch osobn\u00fdch \u00fadajov v plnom s\u00falade s nariaden\u00edm Eur\u00f3pskeho parlamentu a Rady \u010d. (E\u00da) 2016\/679 o ochrane fyzick\u00fdch os\u00f4b pri sprac\u00favan\u00ed osobn\u00fdch \u00fadajov a o vo\u013enom pohybe tak\u00fdchto \u00fadajov (\u010falej len \u201eGDPR\u201c) a so z\u00e1konom \u010d. 18\/2018 Z.z. o ochrane osobn\u00fdch \u00fadajov a o zmene a doplnen\u00ed niektor\u00fdch z\u00e1konov v znen\u00ed neskor\u0161\u00edch zmien.<\/p>\n<p>2. Pri pou\u017e\u00edvan\u00ed webstr\u00e1nok irsphilippines.com m\u00f4\u017ee doch\u00e1dza\u0165 k ukladaniu s\u00faborov cookies (s\u00fabory, ktor\u00e9 zabezpe\u010duj\u00fa sledovanie aktivity u\u017e\u00edvate\u013ea na webstr\u00e1nkach) na zariaden\u00ed, pomocou ktor\u00e9ho u\u017e\u00edvate\u013e k t\u00fdmto str\u00e1nkam pristupuje. Podmienky ulo\u017eenia a spracovania cookies s\u00fa:<\/p>\n<ul>\n<li>U\u017e\u00edvate\u013e m\u00e1 v\u017edy mo\u017enos\u0165 vyjadri\u0165 s\u00fahlas alebo odmietnutie ulo\u017eenia s\u00faborov cookies, a to v nastaveniach svojho webov\u00e9ho prehliada\u010da \u2013 povolen\u00edm alebo odmietnut\u00edm ulo\u017eenia cookies.<\/li>\n<li>Povolenie pou\u017eitia s\u00faborov cookies m\u00f4\u017eu by\u0165 na elektronickom zariaden\u00ed u\u017e\u00edvate\u013ea ukladan\u00e9:<\/li>\n<\/ul>\n<ol>\n<li>do\u010dasn\u00e9 s\u00fabory cookies, ktor\u00e9 sa pri vypnut\u00ed internetov\u00e9ho prehliada\u010da u\u017e\u00edvate\u013ea automaticky vyma\u017e\u00fa,<\/li>\n<li>dlhodob\u00e9 s\u00fabory cookies, ktor\u00e9 v internetovom prehliada\u010di u\u017e\u00edvate\u013ea zost\u00e1vaj\u00fa zachovan\u00e9 aj po vypnut\u00ed zariadenia, pomocou ktor\u00e9ho u\u017e\u00edvate\u013e pristupuje k webstr\u00e1nkam irsphilippines.com, (tieto cookies m\u00f4\u017ee u\u017e\u00edvate\u013e kedyko\u013evek vymaza\u0165 alebo sa po nieko\u013ek\u00fdch t\u00fd\u017ed\u0148och pr\u00edpadne mesiacoch vyma\u017e\u00fa automaticky).<\/li>\n<li>U\u017e\u00edvate\u013e svoj\u00edm s\u00fahlasom z\u00e1rove\u0148 povo\u013euje, aby prev\u00e1dzkovate\u013e s\u00fabory cookies vyu\u017eil na vlastn\u00e9 eviden\u010dn\u00e9 alebo \u0161tatistick\u00e9 z\u00e1mery a z\u00e1mery cielenej reklamy partnerov, s ktor\u00fdmi m\u00e1 uzatvret\u00e9 osobitn\u00e9 dohody o zobrazovan\u00ed reklamy na webstr\u00e1nkach. S\u00fahlas u\u017e\u00edvate\u013ea trv\u00e1 po dobu zachovania nastaven\u00ed jeho internetov\u00e9ho prehliada\u010da. Zmena nastaven\u00ed internetov\u00e9ho prehliada\u010da u\u017e\u00edvate\u013ea alebo z\u00e1kazom pou\u017e\u00edvania s\u00faborov cookies s\u00fahlas u\u017e\u00edvate\u013ea zanik\u00e1.<\/li>\n<li>Za ukladanie s\u00faborov cookies na internetov\u00fdch str\u00e1nkach tret\u00edch os\u00f4b, alebo vyu\u017eitie s\u00faborov cookies ulo\u017een\u00fdch na koncovom zariaden\u00ed u\u017e\u00edvate\u013ea tret\u00edmi osobami prev\u00e1dzkovate\u013e nenesie zodpovednos\u0165.<\/li>\n<li>Odmietnutie s\u00fahlasu (odmietnutia cookies vo webovom prehliada\u010di) prev\u00e1dzkovate\u013e nem\u00f4\u017ee garantova\u0165 kompletn\u00fa funk\u010dnos\u0165 webov\u00fdch str\u00e1nok irsphilippines.com.<\/li>\n<\/ol>\n<p>3.<strong> AK\u00c9 OSOBN\u00c9 \u00daDAJE SPRACOV\u00c1VAME<\/strong><\/p>\n<ul>\n<li>Osobn\u00e9 \u00fadaje z kontaktn\u00fdch formul\u00e1rov<\/li>\n<\/ul>\n<p>Vyplnen\u00edm kontaktn\u00e9ho formul\u00e1ra na na\u0161ej str\u00e1nke n\u00e1s m\u00f4\u017eete po\u017eiada\u0165 o viac inform\u00e1ci\u00ed o produktoch a slu\u017eb\u00e1ch, ktor\u00e9 poskytujeme. Aby sme V\u00e1m mohli potrebn\u00fa slu\u017ebu alebo inform\u00e1ciu poskytn\u00fa\u0165, s\u00fa nevyhnutn\u00e9 tieto kontaktn\u00e9 osobn\u00e9 \u00fadaje: meno, priezvisko, spolo\u010dnos\u0165 (pracovisko\/zamestn\u00e1vate\u013e) u\u017e\u00edvate\u013ea, e-mailov\u00e1 adresa, telef\u00f3n.<\/p>\n<p>Odber informa\u010dn\u00fdch spr\u00e1v oh\u013eadom servisu (napr. potvrdenie o odoslan\u00ed formul\u00e1ra) alebo obslu\u017en\u00e9 emaily v objednan\u00fdch platen\u00fdch slu\u017eb\u00e1ch (napr. zmluvn\u00e9 podklady, potvrdenie objedn\u00e1vky) nie je mo\u017en\u00e9 zru\u0161i\u0165, preto\u017ee s\u00fa s\u00fa\u010das\u0165ou poskytovan\u00fdch slu\u017eieb.<\/p>\n<ul>\n<li>Zasielanie marketingov\u00fdch emailov<\/li>\n<\/ul>\n<p>Emaily zo sveta online noviniek a marketingu so zauj\u00edmav\u00fdm obsahom v\u00e1m budeme zasiela\u0165 len s va\u0161im s\u00fahlasom. S\u00fahlas potvrd\u00edte kliknut\u00edm na odkaz, ktor\u00fd v\u00e1m po\u0161leme do va\u0161ej emailovej schr\u00e1nky, \u010d\u00edm zabezpe\u010d\u00edme kontrolu, \u017ee s\u00fahlas poskytujete pr\u00e1ve pre Vami zadan\u00fa emailov\u00fa. Tento s\u00fahlas je dobrovo\u013en\u00fd a m\u00f4\u017eete ho kedyko\u013evek odvola\u0165 emailom alebo p\u00edsomne.<\/p>\n<ul>\n<li>\u0160tatistick\u00e9 \u00fadaje n\u00e1v\u0161tevnosti webstr\u00e1nok<\/li>\n<\/ul>\n<p>Na\u0161e webov\u00e9 str\u00e1nky vyu\u017e\u00edvaj\u00fa s\u00fabory cookies. \u00dadaje, ktor\u00e9 zbierame prostredn\u00edctvom cookies s\u00fa anonymn\u00e9 a nie je mo\u017en\u00e9 ich priradi\u0165 konkr\u00e9tnej osobe.<\/p>\n<p>4.<strong> SP\u00d4SOB SPRACOVANIA OSOBN\u00ddCH \u00daDAJOV<\/strong><\/p>\n<p>S Va\u0161imi osobn\u00fdmi \u00fadajmi, budeme zaobch\u00e1dza\u0165 zodpovedne a v s\u00falade s platnou eur\u00f3pskou legislat\u00edvou. Na spracovanie osobn\u00fdch \u00fadajov pou\u017e\u00edvame manu\u00e1lne spracovanie a automatizovan\u00e9 prostriedky. V\u0161etky \u00fadaje s\u00fa ulo\u017een\u00e9 na zabezpe\u010den\u00fdch serveroch umiestnen\u00fdch v Eur\u00f3pskej \u00fanii. \u00dadaje nie s\u00fa zverej\u0148ovan\u00e9, pren\u00e1\u0161an\u00e9, spracov\u00e1van\u00e9 mimo kraj\u00edn E\u00da a nie s\u00fa spr\u00edstupnen\u00e9 ani poskytovan\u00e9 tret\u00edm stran\u00e1m, okrem subjektov a sprostredkovate\u013eov uveden\u00fdch v 5. bode t\u00fdchto pravidiel.<\/p>\n<p>V\u0161etky \u00fadaje, ktor\u00e9 zad\u00e1vate do online formul\u00e1rov s\u00fa zak\u00f3dovan\u00e9 certifik\u00e1tmi SSL (Secure Socket Layer). Spracovanie d\u00e1t prebieha najm\u00e4 prostredn\u00edctvom v\u00fdpo\u010dtovej techniky, \u010do n\u00e1m zaisti\u0165uje nevyhnutn\u00fa bezpe\u010dnos\u0165, zn\u00ed\u017ei\u0165 rizik\u00e1 neopr\u00e1vnenej manipul\u00e1cie, pr\u00edpadne zabr\u00e1ni\u0165 ich zni\u010deniu, \u010di strate. Osobn\u00e9 d\u00e1ta s\u00fa chr\u00e1nen\u00e9 v maxim\u00e1lnej mo\u017enej miere prostredn\u00edctvom modern\u00fdch technol\u00f3gi\u00ed, ktor\u00e9 zodpovedaj\u00fa stup\u0148u technologick\u00e9ho rozvoja, a miere rizika zneu\u017eitia.<\/p>\n<p>Pr\u00edstup k osobn\u00fdm \u00fadajom je v\u00fdlu\u010dne iba nieko\u013ek\u00fdm opr\u00e1vnen\u00fdm a pou\u010den\u00fdm sprostredkovate\u013eom a zamestnancom. Zav\u00e4zujeme sa, \u017ee budeme udr\u017eiava\u0165 technick\u00e9 a organiza\u010dn\u00e9 opatrenia, ktor\u00e9 zabra\u0148uj\u00fa zneu\u017eitiu, po\u0161kodeniu, straty alebo zni\u010deniu osobn\u00fdch \u00fadajov. Uis\u0165ujeme v\u00e1s, \u017ee na\u0161i pracovn\u00edci, s\u00fa povinn\u00ed zachova\u0165 ml\u010danlivos\u0165 o osobn\u00fdch \u00fadajoch a o bezpe\u010dnostn\u00fdch opatreniach, ktor\u00fdch zverejnenie by mohlo ohrozi\u0165 bezpe\u010dnos\u0165 va\u0161ich osobn\u00fdch \u00fadajov.<\/p>\n<p>V pr\u00edpade v\u00e1\u0161ho z\u00e1ujmu o osobn\u00e9 stretnutie s na\u0161\u00edm odborn\u00fdm konzultantom, ktor\u00fd je na\u0161\u00edm opr\u00e1vnen\u00fdm zmluvn\u00fdm sprostredkovate\u013eom, poskytneme mu Va\u0161e osobn\u00e9 \u00fadaje pre poskytnutie \u017eiadanej slu\u017eby. Ten spracuje va\u0161e osobn\u00e9 \u00fadaje iba za \u00fa\u010delom poskytnutia slu\u017eby, alebo inform\u00e1cie, ktor\u00e9 ste \u017eiadali a len po dobu nevyhnutn\u00fa pre jej poskytnutie. Sprostredkovate\u013e sprac\u00fava osobn\u00e9 \u00fadaje iba v tomto rozsahu a v s\u00falade s platnou legislat\u00edvou. Va\u0161e osobn\u00e9 \u00fadaje z\u00e1rove\u0148 chr\u00e1nime aj podp\u00edsan\u00edm zmluvy so z\u00e1v\u00e4zkom ml\u010danlivosti po dobu platnosti, ako aj po jej skon\u010den\u00ed.<\/p>\n<p>5.<strong> Zverej\u0148ovanie \u00fadajov tret\u00edm stran\u00e1m:<\/strong><\/p>\n<p>Nami spracovan\u00e9 Va\u0161e osobn\u00e9 \u00fadaje m\u00f4\u017eu by\u0165 spracovan\u00e9 aj tret\u00edmi stranami, za predpokladu, \u017ee je to nevyhnutn\u00e9 na plnenie n\u00e1\u0161ho z\u00e1v\u00e4zku vo\u010di V\u00e1m, na\u0161im klientom alebo na poskytovanie na\u0161ich slu\u017eieb. Pri v\u00fdbere t\u00fdchto partnerov v\u017edy db\u00e1me na to, aby bol zaru\u010den\u00fd vysok\u00fd \u0161tandard ochrany Va\u0161ich osobn\u00fdch \u00fadajov.<\/p>\n<p>Osobn\u00e9 \u00fadaje dotknutej osoby m\u00f4\u017eu by\u0165 spracovan\u00e9 v krajin\u00e1ch Eur\u00f3pskej \u00fanie a krajin\u00e1ch, ktor\u00e9 s\u00fa zmluvnou stranou Dohody o Eur\u00f3pskom hospod\u00e1rskom priestore. Prenos osobn\u00fdch \u00fadajov m\u00f4\u017ee nasta\u0165 len do tret\u00edch kraj\u00edn, ktor\u00fdch pr\u00e1vny re\u017eim pova\u017euje Eur\u00f3pska komisia za zabezpe\u010duj\u00faci adekv\u00e1tnu \u00farove\u0148 ochrany osobn\u00fdch \u00fadajov.<\/p>\n<p>Sprostredkovatelia aj subsprostredkovate\u013e s\u00fa viazan\u00ed spracov\u00e1va\u0165 Va\u0161e osobn\u00e9 \u00fadaje v\u00fdlu\u010dne na \u00fa\u010dely, ako s\u00fa pop\u00edsan\u00e9 v t\u00fdchto pravidl\u00e1ch. Va\u0161e d\u00e1ta nie s\u00fa spr\u00edstupnen\u00e9 tret\u00edm stran\u00e1m na \u00fa\u010dely ich nez\u00e1visl\u00e9ho vyu\u017eitia alebo spracovania nad r\u00e1mec \u00fa\u010delov pod\u013ea t\u00fdchto pravidiel.<\/p>\n<p>Tieto pravidl\u00e1 spracovania osobn\u00fdch \u00fadajov m\u00f4\u017eu by\u0165 jednostranne kedyko\u013evek doplnen\u00e9 alebo zmenen\u00e9.<\/p>\n<\/div>\n<\/div><\/div><\/div><div id=\"pgc-gb1336-69e91b3199481-0-2\"  class=\"panel-grid-cell panel-grid-cell-empty\" ><\/div><\/div><\/div>","protected":false},"excerpt":{"rendered":"<p>1. SPOLO\u010cNOS\u0164 COMPLEX Philippines s.r.o. Pearl Bank Centre, 146 Valero, Makati, 1227 Kalakhang Maynila ako prev\u00e1dzkovate\u013e (\u010falej len \u201eprev\u00e1dzkovate\u013e\u201c) garantuje bezpe\u010dnos\u0165 a ochranu zveren\u00fdch osobn\u00fdch \u00fadajov v plnom s\u00falade s nariaden\u00edm Eur\u00f3pskeho parlamentu a Rady \u010d. (E\u00da) 2016\/679 o ochrane fyzick\u00fdch os\u00f4b pri sprac\u00favan\u00ed osobn\u00fdch \u00fadajov a o vo\u013enom pohybe tak\u00fdchto \u00fadajov (\u010falej len \u201eGDPR\u201c) [&hellip;]<\/p>\n","protected":false},"author":1,"featured_media":1261,"parent":0,"menu_order":0,"comment_status":"closed","ping_status":"open","template":"","meta":{"footnotes":""},"class_list":["post-1336","page","type-page","status-publish","has-post-thumbnail","hentry"],"acf":[],"yoast_head":"<!-- This site is optimized with the Yoast SEO plugin v23.8 - https:\/\/yoast.com\/wordpress\/plugins\/seo\/ -->\n<title>Privacy Policy - COMPLEX Recruitment, Inc.<\/title>\n<meta name=\"robots\" content=\"index, follow, max-snippet:-1, max-image-preview:large, max-video-preview:-1\" \/>\n<link rel=\"canonical\" href=\"https:\/\/www.complex-recruitment.com\/cs\/privacy-policy\/\" \/>\n<meta property=\"og:locale\" content=\"cs_CZ\" \/>\n<meta property=\"og:type\" content=\"article\" \/>\n<meta property=\"og:title\" content=\"Privacy Policy - COMPLEX Recruitment, Inc.\" \/>\n<meta property=\"og:description\" content=\"1. SPOLO\u010cNOS\u0164 COMPLEX Philippines s.r.o. Pearl Bank Centre, 146 Valero, Makati, 1227 Kalakhang Maynila ako prev\u00e1dzkovate\u013e (\u010falej len \u201eprev\u00e1dzkovate\u013e\u201c) garantuje bezpe\u010dnos\u0165 a ochranu zveren\u00fdch osobn\u00fdch \u00fadajov v plnom s\u00falade s nariaden\u00edm Eur\u00f3pskeho parlamentu a Rady \u010d. (E\u00da) 2016\/679 o ochrane fyzick\u00fdch os\u00f4b pri sprac\u00favan\u00ed osobn\u00fdch \u00fadajov a o vo\u013enom pohybe tak\u00fdchto \u00fadajov (\u010falej len \u201eGDPR\u201c) [&hellip;]\" \/>\n<meta property=\"og:url\" content=\"https:\/\/www.complex-recruitment.com\/cs\/privacy-policy\/\" \/>\n<meta property=\"og:site_name\" content=\"COMPLEX Recruitment, Inc.\" \/>\n<meta property=\"article:modified_time\" content=\"2024-02-13T07:31:33+00:00\" \/>\n<meta property=\"og:image\" content=\"https:\/\/www.complex-recruitment.com\/wp-content\/uploads\/2024\/01\/references2.png\" \/>\n\t<meta property=\"og:image:width\" content=\"2500\" \/>\n\t<meta property=\"og:image:height\" content=\"710\" \/>\n\t<meta property=\"og:image:type\" content=\"image\/png\" \/>\n<meta name=\"twitter:card\" content=\"summary_large_image\" \/>\n<meta name=\"twitter:label1\" content=\"Odhadovan\u00e1 doba \u010dten\u00ed\" \/>\n\t<meta name=\"twitter:data1\" content=\"6 minut\" \/>\n<script type=\"application\/ld+json\" class=\"yoast-schema-graph\">{\"@context\":\"https:\/\/schema.org\",\"@graph\":[{\"@type\":\"WebPage\",\"@id\":\"https:\/\/www.complex-recruitment.com\/cs\/privacy-policy\/\",\"url\":\"https:\/\/www.complex-recruitment.com\/cs\/privacy-policy\/\",\"name\":\"Privacy Policy - COMPLEX Recruitment, Inc.\",\"isPartOf\":{\"@id\":\"https:\/\/www.complex-recruitment.com\/#website\"},\"primaryImageOfPage\":{\"@id\":\"https:\/\/www.complex-recruitment.com\/cs\/privacy-policy\/#primaryimage\"},\"image\":{\"@id\":\"https:\/\/www.complex-recruitment.com\/cs\/privacy-policy\/#primaryimage\"},\"thumbnailUrl\":\"https:\/\/www.complex-recruitment.com\/wp-content\/uploads\/2024\/01\/references2.png\",\"datePublished\":\"2023-12-22T08:15:42+00:00\",\"dateModified\":\"2024-02-13T07:31:33+00:00\",\"breadcrumb\":{\"@id\":\"https:\/\/www.complex-recruitment.com\/cs\/privacy-policy\/#breadcrumb\"},\"inLanguage\":\"cs\",\"potentialAction\":[{\"@type\":\"ReadAction\",\"target\":[\"https:\/\/www.complex-recruitment.com\/cs\/privacy-policy\/\"]}]},{\"@type\":\"ImageObject\",\"inLanguage\":\"cs\",\"@id\":\"https:\/\/www.complex-recruitment.com\/cs\/privacy-policy\/#primaryimage\",\"url\":\"https:\/\/www.complex-recruitment.com\/wp-content\/uploads\/2024\/01\/references2.png\",\"contentUrl\":\"https:\/\/www.complex-recruitment.com\/wp-content\/uploads\/2024\/01\/references2.png\",\"width\":2500,\"height\":710},{\"@type\":\"BreadcrumbList\",\"@id\":\"https:\/\/www.complex-recruitment.com\/cs\/privacy-policy\/#breadcrumb\",\"itemListElement\":[{\"@type\":\"ListItem\",\"position\":1,\"name\":\"Home\",\"item\":\"https:\/\/www.complex-recruitment.com\/cs\/uvod\/\"},{\"@type\":\"ListItem\",\"position\":2,\"name\":\"Privacy Policy\"}]},{\"@type\":\"WebSite\",\"@id\":\"https:\/\/www.complex-recruitment.com\/#website\",\"url\":\"https:\/\/www.complex-recruitment.com\/\",\"name\":\"COMPLEX Recruitment, Inc.\",\"description\":\"\",\"publisher\":{\"@id\":\"https:\/\/www.complex-recruitment.com\/#organization\"},\"potentialAction\":[{\"@type\":\"SearchAction\",\"target\":{\"@type\":\"EntryPoint\",\"urlTemplate\":\"https:\/\/www.complex-recruitment.com\/?s={search_term_string}\"},\"query-input\":{\"@type\":\"PropertyValueSpecification\",\"valueRequired\":true,\"valueName\":\"search_term_string\"}}],\"inLanguage\":\"cs\"},{\"@type\":\"Organization\",\"@id\":\"https:\/\/www.complex-recruitment.com\/#organization\",\"name\":\"COMPLEX Recruitment, Inc.\",\"url\":\"https:\/\/www.complex-recruitment.com\/\",\"logo\":{\"@type\":\"ImageObject\",\"inLanguage\":\"cs\",\"@id\":\"https:\/\/www.complex-recruitment.com\/#\/schema\/logo\/image\/\",\"url\":\"https:\/\/www.complex-recruitment.com\/wp-content\/uploads\/2024\/01\/logo.svg\",\"contentUrl\":\"https:\/\/www.complex-recruitment.com\/wp-content\/uploads\/2024\/01\/logo.svg\",\"caption\":\"COMPLEX Recruitment, Inc.\"},\"image\":{\"@id\":\"https:\/\/www.complex-recruitment.com\/#\/schema\/logo\/image\/\"}}]}<\/script>\n<!-- \/ Yoast SEO plugin. -->","yoast_head_json":{"title":"Privacy Policy - COMPLEX Recruitment, Inc.","robots":{"index":"index","follow":"follow","max-snippet":"max-snippet:-1","max-image-preview":"max-image-preview:large","max-video-preview":"max-video-preview:-1"},"canonical":"https:\/\/www.complex-recruitment.com\/cs\/privacy-policy\/","og_locale":"cs_CZ","og_type":"article","og_title":"Privacy Policy - COMPLEX Recruitment, Inc.","og_description":"1. SPOLO\u010cNOS\u0164 COMPLEX Philippines s.r.o. Pearl Bank Centre, 146 Valero, Makati, 1227 Kalakhang Maynila ako prev\u00e1dzkovate\u013e (\u010falej len \u201eprev\u00e1dzkovate\u013e\u201c) garantuje bezpe\u010dnos\u0165 a ochranu zveren\u00fdch osobn\u00fdch \u00fadajov v plnom s\u00falade s nariaden\u00edm Eur\u00f3pskeho parlamentu a Rady \u010d. (E\u00da) 2016\/679 o ochrane fyzick\u00fdch os\u00f4b pri sprac\u00favan\u00ed osobn\u00fdch \u00fadajov a o vo\u013enom pohybe tak\u00fdchto \u00fadajov (\u010falej len \u201eGDPR\u201c) [&hellip;]","og_url":"https:\/\/www.complex-recruitment.com\/cs\/privacy-policy\/","og_site_name":"COMPLEX Recruitment, Inc.","article_modified_time":"2024-02-13T07:31:33+00:00","og_image":[{"width":2500,"height":710,"url":"https:\/\/www.complex-recruitment.com\/wp-content\/uploads\/2024\/01\/references2.png","type":"image\/png"}],"twitter_card":"summary_large_image","twitter_misc":{"Odhadovan\u00e1 doba \u010dten\u00ed":"6 minut"},"schema":{"@context":"https:\/\/schema.org","@graph":[{"@type":"WebPage","@id":"https:\/\/www.complex-recruitment.com\/cs\/privacy-policy\/","url":"https:\/\/www.complex-recruitment.com\/cs\/privacy-policy\/","name":"Privacy Policy - COMPLEX Recruitment, Inc.","isPartOf":{"@id":"https:\/\/www.complex-recruitment.com\/#website"},"primaryImageOfPage":{"@id":"https:\/\/www.complex-recruitment.com\/cs\/privacy-policy\/#primaryimage"},"image":{"@id":"https:\/\/www.complex-recruitment.com\/cs\/privacy-policy\/#primaryimage"},"thumbnailUrl":"https:\/\/www.complex-recruitment.com\/wp-content\/uploads\/2024\/01\/references2.png","datePublished":"2023-12-22T08:15:42+00:00","dateModified":"2024-02-13T07:31:33+00:00","breadcrumb":{"@id":"https:\/\/www.complex-recruitment.com\/cs\/privacy-policy\/#breadcrumb"},"inLanguage":"cs","potentialAction":[{"@type":"ReadAction","target":["https:\/\/www.complex-recruitment.com\/cs\/privacy-policy\/"]}]},{"@type":"ImageObject","inLanguage":"cs","@id":"https:\/\/www.complex-recruitment.com\/cs\/privacy-policy\/#primaryimage","url":"https:\/\/www.complex-recruitment.com\/wp-content\/uploads\/2024\/01\/references2.png","contentUrl":"https:\/\/www.complex-recruitment.com\/wp-content\/uploads\/2024\/01\/references2.png","width":2500,"height":710},{"@type":"BreadcrumbList","@id":"https:\/\/www.complex-recruitment.com\/cs\/privacy-policy\/#breadcrumb","itemListElement":[{"@type":"ListItem","position":1,"name":"Home","item":"https:\/\/www.complex-recruitment.com\/cs\/uvod\/"},{"@type":"ListItem","position":2,"name":"Privacy Policy"}]},{"@type":"WebSite","@id":"https:\/\/www.complex-recruitment.com\/#website","url":"https:\/\/www.complex-recruitment.com\/","name":"COMPLEX Recruitment, Inc.","description":"","publisher":{"@id":"https:\/\/www.complex-recruitment.com\/#organization"},"potentialAction":[{"@type":"SearchAction","target":{"@type":"EntryPoint","urlTemplate":"https:\/\/www.complex-recruitment.com\/?s={search_term_string}"},"query-input":{"@type":"PropertyValueSpecification","valueRequired":true,"valueName":"search_term_string"}}],"inLanguage":"cs"},{"@type":"Organization","@id":"https:\/\/www.complex-recruitment.com\/#organization","name":"COMPLEX Recruitment, Inc.","url":"https:\/\/www.complex-recruitment.com\/","logo":{"@type":"ImageObject","inLanguage":"cs","@id":"https:\/\/www.complex-recruitment.com\/#\/schema\/logo\/image\/","url":"https:\/\/www.complex-recruitment.com\/wp-content\/uploads\/2024\/01\/logo.svg","contentUrl":"https:\/\/www.complex-recruitment.com\/wp-content\/uploads\/2024\/01\/logo.svg","caption":"COMPLEX Recruitment, Inc."},"image":{"@id":"https:\/\/www.complex-recruitment.com\/#\/schema\/logo\/image\/"}}]}},"_links":{"self":[{"href":"https:\/\/www.complex-recruitment.com\/cs\/wp-json\/wp\/v2\/pages\/1336","targetHints":{"allow":["GET"]}}],"collection":[{"href":"https:\/\/www.complex-recruitment.com\/cs\/wp-json\/wp\/v2\/pages"}],"about":[{"href":"https:\/\/www.complex-recruitment.com\/cs\/wp-json\/wp\/v2\/types\/page"}],"author":[{"embeddable":true,"href":"https:\/\/www.complex-recruitment.com\/cs\/wp-json\/wp\/v2\/users\/1"}],"replies":[{"embeddable":true,"href":"https:\/\/www.complex-recruitment.com\/cs\/wp-json\/wp\/v2\/comments?post=1336"}],"version-history":[{"count":1,"href":"https:\/\/www.complex-recruitment.com\/cs\/wp-json\/wp\/v2\/pages\/1336\/revisions"}],"predecessor-version":[{"id":1337,"href":"https:\/\/www.complex-recruitment.com\/cs\/wp-json\/wp\/v2\/pages\/1336\/revisions\/1337"}],"wp:featuredmedia":[{"embeddable":true,"href":"https:\/\/www.complex-recruitment.com\/cs\/wp-json\/wp\/v2\/media\/1261"}],"wp:attachment":[{"href":"https:\/\/www.complex-recruitment.com\/cs\/wp-json\/wp\/v2\/media?parent=1336"}],"curies":[{"name":"wp","href":"https:\/\/api.w.org\/{rel}","templated":true}]}}