{"id":1332,"date":"2024-01-09T07:23:46","date_gmt":"2024-01-09T07:23:46","guid":{"rendered":"https:\/\/www.complex-recruitment.com\/faq\/"},"modified":"2024-02-13T07:21:49","modified_gmt":"2024-02-13T07:21:49","slug":"faq","status":"publish","type":"page","link":"https:\/\/www.complex-recruitment.com\/cs\/faq\/","title":{"rendered":"FAQ"},"content":{"rendered":"<div id=\"pl-gb1332-69e91b32713dd\"  class=\"panel-layout wp-block-siteorigin-panels-layout-block\" ><div id=\"pg-gb1332-69e91b32713dd-0\"  class=\"panel-grid panel-has-style\" ><div class=\"siteorigin-panels-stretch panel-row-style panel-row-style-for-gb1332-69e91b32713dd-0\" data-stretch-type=\"full\" ><div id=\"pgc-gb1332-69e91b32713dd-0-0\"  class=\"panel-grid-cell panel-grid-cell-empty\" ><\/div><div id=\"pgc-gb1332-69e91b32713dd-0-1\"  class=\"panel-grid-cell panel-grid-cell-mobile-last\" ><div id=\"panel-gb1332-69e91b32713dd-0-1-0\" class=\"so-panel widget widget_sow-editor panel-first-child panel-last-child\" data-index=\"0\" ><div\n\t\t\t\n\t\t\tclass=\"so-widget-sow-editor so-widget-sow-editor-base\"\n\t\t\t\n\t\t>\n<div class=\"siteorigin-widget-tinymce textwidget\">\n\t    <div class=\"accordion-container\">\r\n                  <div class=\"accordion-component\">\r\n                              <div class=\"item\">\r\n                  <div class=\"header\" data-hash=\"#Jak za\u010d\u00edn\u00e1 n\u00e1\u0161 n\u00e1borov\u00fd proces prost\u0159ednictv\u00edm va\u0161\u00ed agentury?\">\r\n                    <div class=\"title\">Jak za\u010d\u00edn\u00e1 n\u00e1\u0161 n\u00e1borov\u00fd proces prost\u0159ednictv\u00edm va\u0161\u00ed agentury?<\/div>\r\n                    <div class=\"toggle-button\"><\/div>\r\n                  <\/div>\r\n                  <div class=\"body\" id=\"Jak za\u010d\u00edn\u00e1 n\u00e1\u0161 n\u00e1borov\u00fd proces prost\u0159ednictv\u00edm va\u0161\u00ed agentury?\">\r\n                    <div class=\"content\">\r\n                      <p>V COMPLEX jsme p\u0159esv\u011bd\u010deni o tom, \u017ee d\u016fkladn\u00e1 komunikace s klienty a uchaze\u010di je kl\u00ed\u010dem k tomu, abychom dok\u00e1zali poskytovat vysoce kvalitn\u00ed a kvalifikovan\u00e9 pracovn\u00edky. Proto p\u0159ed v\u00fdb\u011brem kandid\u00e1t\u016f spole\u010dnost COMPLEX nejprve p\u0159iprav\u00ed formul\u00e1\u0159 pro z\u00e1kazn\u00edka, aby se dozv\u011bd\u011bl v\u00edce o spole\u010dnosti a jej\u00edch po\u017eadavc\u00edch na pracovn\u00edky. V t\u00e9to f\u00e1zi se diskutuje tak\u00e9 o akreditaci, n\u00e1borov\u00e9m procesu a rozpo\u010dtu.<\/p>\n                    <\/div>\r\n                  <\/div>\r\n                <\/div>\r\n                              <div class=\"item\">\r\n                  <div class=\"header\" data-hash=\"#Co je DMW (b\u00fdval\u00e1 POEA)\">\r\n                    <div class=\"title\">Co je DMW (b\u00fdval\u00e1 POEA)<\/div>\r\n                    <div class=\"toggle-button\"><\/div>\r\n                  <\/div>\r\n                  <div class=\"body\" id=\"Co je DMW (b\u00fdval\u00e1 POEA)\">\r\n                    <div class=\"content\">\r\n                      <p>DMW je zkratka pro Department of Migrant Workers, tedy jde o vl\u00e1dn\u00ed \u00fa\u0159ad pe\u010duj\u00edc\u00ed o migruj\u00edc\u00ed pracovn\u00edky \u2013 Ministerstvo pro pracovn\u00edky v zahrani\u010d\u00ed (b\u00fdval\u00e1 POEA &#8211; Filip\u00ednsk\u00e1 agentura pro zam\u011bstnanost v zahrani\u010d\u00ed). DMW je v\u00fdkonn\u00fdm odd\u011blen\u00edm vytvo\u0159en\u00fdm filip\u00ednskou vl\u00e1dou na ochranu pr\u00e1v a podporu dobr\u00fdch podm\u00ednek filip\u00ednsk\u00fdch pracovn\u00edk\u016f (OFW) a jejich rodin. DMW m\u00e1 mand\u00e1t k usnadn\u011bn\u00ed zam\u011bstn\u00e1v\u00e1n\u00ed a reintegrace filip\u00ednsk\u00fdch pracovn\u00edk\u016f v zahrani\u010d\u00ed, p\u0159i\u010dem\u017e zohled\u0148uje n\u00e1rodn\u00ed rozvojov\u00e9 programy N\u00e1rodn\u00edho \u00fa\u0159adu pro hospod\u00e1\u0159stv\u00ed a rozvoj.<\/p>\n                    <\/div>\r\n                  <\/div>\r\n                <\/div>\r\n                              <div class=\"item\">\r\n                  <div class=\"header\" data-hash=\"#Pro\u010d mus\u00edm proj\u00edt akreditac\u00ed?\">\r\n                    <div class=\"title\">Pro\u010d mus\u00edm proj\u00edt akreditac\u00ed?<\/div>\r\n                    <div class=\"toggle-button\"><\/div>\r\n                  <\/div>\r\n                  <div class=\"body\" id=\"Pro\u010d mus\u00edm proj\u00edt akreditac\u00ed?\">\r\n                    <div class=\"content\">\r\n                      <p>Akreditace zam\u011bstnavatele nebo licencovan\u00e9 zahrani\u010dn\u00ed n\u00e1borov\u00e9 agentury se vy\u017eaduje od v\u0161ech zam\u011bstnavatel\u016f, kte\u0159\u00ed naj\u00edmaj\u00ed filip\u00ednsk\u00e9 pracovn\u00edky a proch\u00e1zej\u00ed p\u0159es licencovanou filip\u00ednskou n\u00e1borovou agenturu. Ministerstvo pro pracovn\u00edky v zahrani\u010d\u00ed\/DMW (d\u0159\u00edve zn\u00e1m\u00e9 jako POEA) vy\u017eaduje, aby se zajistilo, \u017ee v zemi nasazen\u00ed existuj\u00ed skute\u010dn\u00e1 pracovn\u00ed m\u00edsta. Nav\u00edc podle pravidel a na\u0159\u00edzen\u00ed POEA z roku 2016, odd\u00edl 123, \u017e\u00e1dn\u00fd zam\u011bstnavatel nesm\u00ed p\u0159\u00edmo najmout filip\u00ednsk\u00e9ho pracovn\u00edka na pr\u00e1ci v zahrani\u010d\u00ed, proto je nutn\u00e1 akreditace zam\u011bstnavatele.<\/p>\n                    <\/div>\r\n                  <\/div>\r\n                <\/div>\r\n                              <div class=\"item\">\r\n                  <div class=\"header\" data-hash=\"#Jak\u00e9 dokumenty jsou pot\u0159ebn\u00e9 pro akreditaci?\">\r\n                    <div class=\"title\">Jak\u00e9 dokumenty jsou pot\u0159ebn\u00e9 pro akreditaci?<\/div>\r\n                    <div class=\"toggle-button\"><\/div>\r\n                  <\/div>\r\n                  <div class=\"body\" id=\"Jak\u00e9 dokumenty jsou pot\u0159ebn\u00e9 pro akreditaci?\">\r\n                    <div class=\"content\">\r\n                      <p>Toto jsou z\u00e1kladn\u00ed dokumenty po\u017eadovan\u00e9 ke spln\u011bn\u00ed akredita\u010dn\u00edch po\u017eadavk\u016f DMW pro v\u0161echny zam\u011bstnavatele, kte\u0159\u00ed proch\u00e1zej\u00ed \u0159\u00e1dn\u011b licencovan\u00fdmi zprost\u0159edkovatelsk\u00fdmi firmami na Filip\u00edn\u00e1ch:<\/p>\n<ul>\n<li>Pln\u00e1 moc<\/li>\n<li>\u017d\u00e1dost o pracovn\u00ed s\u00edlu<\/li>\n<li>Smlouva o n\u00e1borov\u00e9 \u010dinnosti<\/li>\n<li>Pracovn\u00ed smlouva<\/li>\n<li>Obchodn\u00ed licence<\/li>\n<li>I\u010c zam\u011bstnavatele \/ identifikace \u0159editele<\/li>\n<li>Dal\u0161\u00ed dokumenty, kter\u00e9 po\u017eaduje Ministerstvo pro pracovn\u00edky v zahrani\u010d\u00ed<\/li>\n<\/ul>\n                    <\/div>\r\n                  <\/div>\r\n                <\/div>\r\n                              <div class=\"item\">\r\n                  <div class=\"header\" data-hash=\"#Co je Certifik\u00e1t OEC (Overseas Employment Certificate)?\">\r\n                    <div class=\"title\">Co je Certifik\u00e1t OEC (Overseas Employment Certificate)?<\/div>\r\n                    <div class=\"toggle-button\"><\/div>\r\n                  <\/div>\r\n                  <div class=\"body\" id=\"Co je Certifik\u00e1t OEC (Overseas Employment Certificate)?\">\r\n                    <div class=\"content\">\r\n                      <p>OEC je v\u00fdstupn\u00edm povolen\u00edm pro pracovn\u00edky v zahrani\u010d\u00ed, kte\u0159\u00ed opou\u0161t\u011bj\u00ed Filip\u00edny za prac\u00ed do zahrani\u010d\u00ed. Tento dokument vyd\u00e1v\u00e1 Ministerstvo pro pracovn\u00edky v zahrani\u010d\u00ed (DMW). OEC je d\u016fkazem toho, \u017ee filip\u00ednsk\u00e1 vl\u00e1da umo\u017e\u0148uje pracovn\u00edkovi pracovat v zahrani\u010d\u00ed. Z tohoto d\u016fvodu pracovn\u00edk nem\u016f\u017ee leg\u00e1ln\u011b opustit Filip\u00edny bez OEC.<\/p>\n                    <\/div>\r\n                  <\/div>\r\n                <\/div>\r\n                              <div class=\"item\">\r\n                  <div class=\"header\" data-hash=\"#Jak\u00e9 povinn\u00e9 poji\u0161t\u011bn\u00ed vy\u017eaduje Ministerstvo pro pracovn\u00edky v zahrani\u010d\u00ed?\">\r\n                    <div class=\"title\">Jak\u00e9 povinn\u00e9 poji\u0161t\u011bn\u00ed vy\u017eaduje Ministerstvo pro pracovn\u00edky v zahrani\u010d\u00ed?<\/div>\r\n                    <div class=\"toggle-button\"><\/div>\r\n                  <\/div>\r\n                  <div class=\"body\" id=\"Jak\u00e9 povinn\u00e9 poji\u0161t\u011bn\u00ed vy\u017eaduje Ministerstvo pro pracovn\u00edky v zahrani\u010d\u00ed?\">\r\n                    <div class=\"content\">\r\n                      <p>Z\u00e1kon Filip\u00ednsk\u00e9 republiky 10022 na\u0159izuje, aby ka\u017ed\u00fd odch\u00e1zej\u00edc\u00ed filip\u00ednsk\u00fd pracovn\u00edk, kter\u00fd jde pracovat do zahrani\u010d\u00ed a je zprost\u0159edkov\u00e1n prost\u0159ednictv\u00edm agentury, byl kryt poji\u0161t\u011bn\u00edm pro p\u0159\u00edpad smrti n\u00e1sledkem \u00farazu, p\u0159irozen\u00e9 smrti, trval\u00e9 \u00fapln\u00e9 invalidity, n\u00e1klad\u016f na repatriaci, p\u0159\u00edsp\u011bvku na \u017eivobyt\u00ed, pen\u011b\u017eit\u00fdch n\u00e1rok\u016f vypl\u00fdvaj\u00edc\u00edch z odpov\u011bdnost zam\u011bstnavatele, l\u00e9ka\u0159skou evakuaci a zdravotn\u00ed repatriaci.<\/p>\n                    <\/div>\r\n                  <\/div>\r\n                <\/div>\r\n                              <div class=\"item\">\r\n                  <div class=\"header\" data-hash=\"#Jak si vyberu kandid\u00e1ty?\">\r\n                    <div class=\"title\">Jak si vyberu kandid\u00e1ty?<\/div>\r\n                    <div class=\"toggle-button\"><\/div>\r\n                  <\/div>\r\n                  <div class=\"body\" id=\"Jak si vyberu kandid\u00e1ty?\">\r\n                    <div class=\"content\">\r\n                      <p>Kdy\u017e n\u00e1m poskytnete informace o kvalifikaci, kterou hled\u00e1te, v na\u0161\u00ed datab\u00e1zi identifikujeme kandid\u00e1ty, kte\u0159\u00ed budou odpov\u00eddat va\u0161im po\u017eadavk\u016fm. Potom n\u00e1\u0161 n\u00e1borov\u00fd person\u00e1l uskute\u010dn\u00ed \u00favodn\u00ed p\u0159edb\u011b\u017en\u00fd pohovor, aby se zajistilo, \u017ee kvalifikace pracovn\u00edk\u016f odpov\u00edd\u00e1 po\u017eadavk\u016fm a odpov\u00edd\u00e1 tomu, co je naps\u00e1no v jejich zaslan\u00fdch \u017eivotopisech. Po p\u0159edkvalifika\u010dn\u00edm pohovoru budou na emailovou adresu klienta zasl\u00e1ny \u017eivotopisy spolu s dokumenty pracovn\u00edka (nap\u0159. pas, certifik\u00e1ty) ke kontrole.<\/p>\n                    <\/div>\r\n                  <\/div>\r\n                <\/div>\r\n                              <div class=\"item\">\r\n                  <div class=\"header\" data-hash=\"#Jak prob\u00edhaj\u00ed pohovory?\">\r\n                    <div class=\"title\">Jak prob\u00edhaj\u00ed pohovory?<\/div>\r\n                    <div class=\"toggle-button\"><\/div>\r\n                  <\/div>\r\n                  <div class=\"body\" id=\"Jak prob\u00edhaj\u00ed pohovory?\">\r\n                    <div class=\"content\">\r\n                      <p>Pohovory lze uskute\u010dnit osobn\u011b prost\u0159ednictv\u00edm na\u0161\u00ed agentury na z\u00e1klad\u011b akreditace\/registrace hlavn\u00edho \u00da\u0159adu pro pracovn\u00edky v zahrani\u010d\u00ed\/MWO (d\u0159\u00edve zn\u00e1m\u00e9ho jako POLO) a na Ministerstvu pro pracovn\u00edky v zahrani\u010d\u00ed (DMW). V p\u0159\u00edpad\u011b osobn\u00edho pohovoru je t\u0159eba p\u0159edlo\u017eit DMW Zmocn\u011bn\u00ed k \u0159\u00e1dn\u00e9mu potvrzen\u00ed. Pohovory lze v\u00e9st tak\u00e9 virtu\u00e1ln\u011b (Zoom, Google Teams). N\u00e1\u0161 n\u00e1borov\u00fd t\u00fdm bude tak\u00e9 st\u00e1le p\u0159\u00edtomen a p\u0159ipraven pomoci klientovi i uchaze\u010d\u016fm b\u011bhem procesu pohovoru.<\/p>\n                    <\/div>\r\n                  <\/div>\r\n                <\/div>\r\n                              <div class=\"item\">\r\n                  <div class=\"header\" data-hash=\"#Co kdy\u017e jsem ji\u017e na\u0161el pracovn\u00edka\/pracovn\u00edky, kter\u00e9 chci zam\u011bstnat?\">\r\n                    <div class=\"title\">Co kdy\u017e jsem ji\u017e na\u0161el pracovn\u00edka\/pracovn\u00edky, kter\u00e9 chci zam\u011bstnat?<\/div>\r\n                    <div class=\"toggle-button\"><\/div>\r\n                  <\/div>\r\n                  <div class=\"body\" id=\"Co kdy\u017e jsem ji\u017e na\u0161el pracovn\u00edka\/pracovn\u00edky, kter\u00e9 chci zam\u011bstnat?\">\r\n                    <div class=\"content\">\r\n                      <p>Pokud jste ji\u017e na\u0161li pracovn\u00edky, kter\u00e9 hled\u00e1te, m\u016f\u017eeme je pro v\u00e1s registrovat na \u00da\u0159adu pro pracovn\u00edky v zahrani\u010d\u00ed a na DMW. Vy jako zam\u011bstnavatel budete muset proj\u00edt akreditac\u00ed. Po dokon\u010den\u00ed budeme kontaktovat pracovn\u00edky, kter\u00e9 chcete zam\u011bstnat, a za\u010dneme sb\u00edrat jejich dokumenty ke zpracov\u00e1n\u00ed pro DMW. Upozor\u0148ujeme, \u017ee vybran\u00ed pracovn\u00edci st\u00e1le budou platit poplatky za um\u00edst\u011bn\u00ed a zam\u011bstnavatel bude nad\u00e1le zodpov\u011bdn\u00fd za poji\u0161t\u011bn\u00ed, v\u00edzov\u00e9 poplatky a letenky.<\/p>\n                    <\/div>\r\n                  <\/div>\r\n                <\/div>\r\n                          <\/div>\r\n          <\/div>\r\n  \n<\/div>\n<\/div><\/div><\/div><div id=\"pgc-gb1332-69e91b32713dd-0-2\"  class=\"panel-grid-cell panel-grid-cell-empty\" ><\/div><\/div><\/div><div id=\"pg-gb1332-69e91b32713dd-1\"  class=\"panel-grid panel-has-style\" ><div class=\"siteorigin-panels-stretch panel-row-style panel-row-style-for-gb1332-69e91b32713dd-1\" data-stretch-type=\"full\" ><div id=\"pgc-gb1332-69e91b32713dd-1-0\"  class=\"panel-grid-cell\" ><div id=\"panel-gb1332-69e91b32713dd-1-0-0\" class=\"so-panel widget widget_sow-editor panel-first-child\" data-index=\"1\" ><div class=\"panel-widget-style panel-widget-style-for-gb1332-69e91b32713dd-1-0-0\" ><div\n\t\t\t\n\t\t\tclass=\"so-widget-sow-editor so-widget-sow-editor-base\"\n\t\t\t\n\t\t>\n<div class=\"siteorigin-widget-tinymce textwidget\">\n\t<h1>Jste p\u0159ipraveni st\u00e1t se jedn\u00edm z na\u0161ich klient\u016f spole\u010dnosti COMPLEX?<\/h1>\n<\/div>\n<\/div><\/div><\/div><div id=\"panel-gb1332-69e91b32713dd-1-0-1\" class=\"so-panel widget widget_sow-image panel-last-child\" data-index=\"2\" ><div class=\"panel-widget-style panel-widget-style-for-gb1332-69e91b32713dd-1-0-1\" ><div\n\t\t\t\n\t\t\tclass=\"so-widget-sow-image so-widget-sow-image-default-8b5b6f678277-1332\"\n\t\t\t\n\t\t>\n\n<div class=\"sow-image-container\">\n\t\t<img decoding=\"async\" src=\"https:\/\/www.complex-recruitment.com\/wp-content\/uploads\/2024\/01\/Group-448.png\" width=\"1800\" height=\"733\" srcset=\"https:\/\/www.complex-recruitment.com\/wp-content\/uploads\/2024\/01\/Group-448.png 1800w, https:\/\/www.complex-recruitment.com\/wp-content\/uploads\/2024\/01\/Group-448-300x122.png 300w, https:\/\/www.complex-recruitment.com\/wp-content\/uploads\/2024\/01\/Group-448-1024x417.png 1024w, https:\/\/www.complex-recruitment.com\/wp-content\/uploads\/2024\/01\/Group-448-768x313.png 768w, https:\/\/www.complex-recruitment.com\/wp-content\/uploads\/2024\/01\/Group-448-1536x625.png 1536w, https:\/\/www.complex-recruitment.com\/wp-content\/uploads\/2024\/01\/Group-448-480x195.png 480w, https:\/\/www.complex-recruitment.com\/wp-content\/uploads\/2024\/01\/Group-448-992x404.png 992w, https:\/\/www.complex-recruitment.com\/wp-content\/uploads\/2024\/01\/Group-448-1200x489.png 1200w\" sizes=\"auto, (max-width: 1800px) 100vw, 1800px\" title=\"Group 448\" alt=\"\" loading=\"lazy\" \t\tclass=\"so-widget-image\"\/>\n\t<\/div>\n\n<\/div><\/div><\/div><\/div><div id=\"pgc-gb1332-69e91b32713dd-1-1\"  class=\"panel-grid-cell\" ><div id=\"panel-gb1332-69e91b32713dd-1-1-0\" class=\"so-panel widget widget_sow-editor panel-first-child\" data-index=\"3\" ><div class=\"panel-widget-style panel-widget-style-for-gb1332-69e91b32713dd-1-1-0\" ><div\n\t\t\t\n\t\t\tclass=\"so-widget-sow-editor so-widget-sow-editor-base\"\n\t\t\t\n\t\t>\n<div class=\"siteorigin-widget-tinymce textwidget\">\n\t<p>M\u00e1te-li z\u00e1jem o n\u00e1bor filip\u00ednsk\u00fdch pracovn\u00edk\u016f s agenturou COMPLEX, vypl\u0148te n\u00ed\u017ee uveden\u00fd formul\u00e1\u0159 a spojte se s na\u0161\u00edm t\u00fdmem.<\/p>\n<p><a class=\"button button-inverse button-color-white scroll-to\" title=\"\" href=\"#contact-us\">Obra\u0165te se na n\u00e1s<\/a><\/p>\n<\/div>\n<\/div><\/div><\/div><div id=\"panel-gb1332-69e91b32713dd-1-1-1\" class=\"so-panel widget widget_sow-image panel-last-child\" data-index=\"4\" ><div class=\"panel-widget-style panel-widget-style-for-gb1332-69e91b32713dd-1-1-1\" ><div\n\t\t\t\n\t\t\tclass=\"so-widget-sow-image so-widget-sow-image-default-8b5b6f678277-1332\"\n\t\t\t\n\t\t>\n\n<div class=\"sow-image-container\">\n\t\t<img decoding=\"async\" src=\"https:\/\/www.complex-recruitment.com\/wp-content\/uploads\/2024\/01\/Group-445.png\" width=\"650\" height=\"587\" srcset=\"https:\/\/www.complex-recruitment.com\/wp-content\/uploads\/2024\/01\/Group-445.png 650w, https:\/\/www.complex-recruitment.com\/wp-content\/uploads\/2024\/01\/Group-445-300x271.png 300w, https:\/\/www.complex-recruitment.com\/wp-content\/uploads\/2024\/01\/Group-445-480x433.png 480w\" sizes=\"auto, (max-width: 650px) 100vw, 650px\" title=\"Group 445\" alt=\"\" loading=\"lazy\" \t\tclass=\"so-widget-image\"\/>\n\t<\/div>\n\n<\/div><\/div><\/div><\/div><\/div><\/div><\/div>","protected":false},"excerpt":{"rendered":"<p>Jste p\u0159ipraveni st\u00e1t se jedn\u00edm z na\u0161ich klient\u016f spole\u010dnosti COMPLEX? M\u00e1te-li z\u00e1jem o n\u00e1bor filip\u00ednsk\u00fdch pracovn\u00edk\u016f s agenturou COMPLEX, vypl\u0148te n\u00ed\u017ee uveden\u00fd formul\u00e1\u0159 a spojte se s na\u0161\u00edm t\u00fdmem. Obra\u0165te se na n\u00e1s<\/p>\n","protected":false},"author":3,"featured_media":1333,"parent":0,"menu_order":0,"comment_status":"closed","ping_status":"closed","template":"","meta":{"footnotes":""},"class_list":["post-1332","page","type-page","status-publish","has-post-thumbnail","hentry"],"acf":[],"yoast_head":"<!-- This site is optimized with the Yoast SEO plugin v23.8 - https:\/\/yoast.com\/wordpress\/plugins\/seo\/ -->\n<title>FAQ - COMPLEX Recruitment, Inc.<\/title>\n<meta name=\"robots\" content=\"index, follow, max-snippet:-1, max-image-preview:large, max-video-preview:-1\" \/>\n<link rel=\"canonical\" href=\"https:\/\/www.complex-recruitment.com\/cs\/faq\/\" \/>\n<meta property=\"og:locale\" content=\"cs_CZ\" \/>\n<meta property=\"og:type\" content=\"article\" \/>\n<meta property=\"og:title\" content=\"FAQ - COMPLEX Recruitment, Inc.\" \/>\n<meta property=\"og:description\" content=\"Jste p\u0159ipraveni st\u00e1t se jedn\u00edm z na\u0161ich klient\u016f spole\u010dnosti COMPLEX? M\u00e1te-li z\u00e1jem o n\u00e1bor filip\u00ednsk\u00fdch pracovn\u00edk\u016f s agenturou COMPLEX, vypl\u0148te n\u00ed\u017ee uveden\u00fd formul\u00e1\u0159 a spojte se s na\u0161\u00edm t\u00fdmem. Obra\u0165te se na n\u00e1s\" \/>\n<meta property=\"og:url\" content=\"https:\/\/www.complex-recruitment.com\/cs\/faq\/\" \/>\n<meta property=\"og:site_name\" content=\"COMPLEX Recruitment, Inc.\" \/>\n<meta property=\"article:modified_time\" content=\"2024-02-13T07:21:49+00:00\" \/>\n<meta property=\"og:image\" content=\"https:\/\/www.complex-recruitment.com\/wp-content\/uploads\/2024\/01\/faq-cover.png\" \/>\n\t<meta property=\"og:image:width\" content=\"2500\" \/>\n\t<meta property=\"og:image:height\" content=\"710\" \/>\n\t<meta property=\"og:image:type\" content=\"image\/png\" \/>\n<meta name=\"twitter:card\" content=\"summary_large_image\" \/>\n<script type=\"application\/ld+json\" class=\"yoast-schema-graph\">{\"@context\":\"https:\/\/schema.org\",\"@graph\":[{\"@type\":\"WebPage\",\"@id\":\"https:\/\/www.complex-recruitment.com\/cs\/faq\/\",\"url\":\"https:\/\/www.complex-recruitment.com\/cs\/faq\/\",\"name\":\"FAQ - COMPLEX Recruitment, Inc.\",\"isPartOf\":{\"@id\":\"https:\/\/www.complex-recruitment.com\/#website\"},\"primaryImageOfPage\":{\"@id\":\"https:\/\/www.complex-recruitment.com\/cs\/faq\/#primaryimage\"},\"image\":{\"@id\":\"https:\/\/www.complex-recruitment.com\/cs\/faq\/#primaryimage\"},\"thumbnailUrl\":\"https:\/\/www.complex-recruitment.com\/wp-content\/uploads\/2024\/01\/faq-cover.png\",\"datePublished\":\"2024-01-09T07:23:46+00:00\",\"dateModified\":\"2024-02-13T07:21:49+00:00\",\"breadcrumb\":{\"@id\":\"https:\/\/www.complex-recruitment.com\/cs\/faq\/#breadcrumb\"},\"inLanguage\":\"cs\",\"potentialAction\":[{\"@type\":\"ReadAction\",\"target\":[\"https:\/\/www.complex-recruitment.com\/cs\/faq\/\"]}]},{\"@type\":\"ImageObject\",\"inLanguage\":\"cs\",\"@id\":\"https:\/\/www.complex-recruitment.com\/cs\/faq\/#primaryimage\",\"url\":\"https:\/\/www.complex-recruitment.com\/wp-content\/uploads\/2024\/01\/faq-cover.png\",\"contentUrl\":\"https:\/\/www.complex-recruitment.com\/wp-content\/uploads\/2024\/01\/faq-cover.png\",\"width\":2500,\"height\":710},{\"@type\":\"BreadcrumbList\",\"@id\":\"https:\/\/www.complex-recruitment.com\/cs\/faq\/#breadcrumb\",\"itemListElement\":[{\"@type\":\"ListItem\",\"position\":1,\"name\":\"Home\",\"item\":\"https:\/\/www.complex-recruitment.com\/cs\/uvod\/\"},{\"@type\":\"ListItem\",\"position\":2,\"name\":\"FAQ\"}]},{\"@type\":\"WebSite\",\"@id\":\"https:\/\/www.complex-recruitment.com\/#website\",\"url\":\"https:\/\/www.complex-recruitment.com\/\",\"name\":\"COMPLEX Recruitment, Inc.\",\"description\":\"\",\"publisher\":{\"@id\":\"https:\/\/www.complex-recruitment.com\/#organization\"},\"potentialAction\":[{\"@type\":\"SearchAction\",\"target\":{\"@type\":\"EntryPoint\",\"urlTemplate\":\"https:\/\/www.complex-recruitment.com\/?s={search_term_string}\"},\"query-input\":{\"@type\":\"PropertyValueSpecification\",\"valueRequired\":true,\"valueName\":\"search_term_string\"}}],\"inLanguage\":\"cs\"},{\"@type\":\"Organization\",\"@id\":\"https:\/\/www.complex-recruitment.com\/#organization\",\"name\":\"COMPLEX Recruitment, Inc.\",\"url\":\"https:\/\/www.complex-recruitment.com\/\",\"logo\":{\"@type\":\"ImageObject\",\"inLanguage\":\"cs\",\"@id\":\"https:\/\/www.complex-recruitment.com\/#\/schema\/logo\/image\/\",\"url\":\"https:\/\/www.complex-recruitment.com\/wp-content\/uploads\/2024\/01\/logo.svg\",\"contentUrl\":\"https:\/\/www.complex-recruitment.com\/wp-content\/uploads\/2024\/01\/logo.svg\",\"caption\":\"COMPLEX Recruitment, Inc.\"},\"image\":{\"@id\":\"https:\/\/www.complex-recruitment.com\/#\/schema\/logo\/image\/\"}}]}<\/script>\n<!-- \/ Yoast SEO plugin. -->","yoast_head_json":{"title":"FAQ - COMPLEX Recruitment, Inc.","robots":{"index":"index","follow":"follow","max-snippet":"max-snippet:-1","max-image-preview":"max-image-preview:large","max-video-preview":"max-video-preview:-1"},"canonical":"https:\/\/www.complex-recruitment.com\/cs\/faq\/","og_locale":"cs_CZ","og_type":"article","og_title":"FAQ - COMPLEX Recruitment, Inc.","og_description":"Jste p\u0159ipraveni st\u00e1t se jedn\u00edm z na\u0161ich klient\u016f spole\u010dnosti COMPLEX? M\u00e1te-li z\u00e1jem o n\u00e1bor filip\u00ednsk\u00fdch pracovn\u00edk\u016f s agenturou COMPLEX, vypl\u0148te n\u00ed\u017ee uveden\u00fd formul\u00e1\u0159 a spojte se s na\u0161\u00edm t\u00fdmem. Obra\u0165te se na n\u00e1s","og_url":"https:\/\/www.complex-recruitment.com\/cs\/faq\/","og_site_name":"COMPLEX Recruitment, Inc.","article_modified_time":"2024-02-13T07:21:49+00:00","og_image":[{"width":2500,"height":710,"url":"https:\/\/www.complex-recruitment.com\/wp-content\/uploads\/2024\/01\/faq-cover.png","type":"image\/png"}],"twitter_card":"summary_large_image","schema":{"@context":"https:\/\/schema.org","@graph":[{"@type":"WebPage","@id":"https:\/\/www.complex-recruitment.com\/cs\/faq\/","url":"https:\/\/www.complex-recruitment.com\/cs\/faq\/","name":"FAQ - COMPLEX Recruitment, Inc.","isPartOf":{"@id":"https:\/\/www.complex-recruitment.com\/#website"},"primaryImageOfPage":{"@id":"https:\/\/www.complex-recruitment.com\/cs\/faq\/#primaryimage"},"image":{"@id":"https:\/\/www.complex-recruitment.com\/cs\/faq\/#primaryimage"},"thumbnailUrl":"https:\/\/www.complex-recruitment.com\/wp-content\/uploads\/2024\/01\/faq-cover.png","datePublished":"2024-01-09T07:23:46+00:00","dateModified":"2024-02-13T07:21:49+00:00","breadcrumb":{"@id":"https:\/\/www.complex-recruitment.com\/cs\/faq\/#breadcrumb"},"inLanguage":"cs","potentialAction":[{"@type":"ReadAction","target":["https:\/\/www.complex-recruitment.com\/cs\/faq\/"]}]},{"@type":"ImageObject","inLanguage":"cs","@id":"https:\/\/www.complex-recruitment.com\/cs\/faq\/#primaryimage","url":"https:\/\/www.complex-recruitment.com\/wp-content\/uploads\/2024\/01\/faq-cover.png","contentUrl":"https:\/\/www.complex-recruitment.com\/wp-content\/uploads\/2024\/01\/faq-cover.png","width":2500,"height":710},{"@type":"BreadcrumbList","@id":"https:\/\/www.complex-recruitment.com\/cs\/faq\/#breadcrumb","itemListElement":[{"@type":"ListItem","position":1,"name":"Home","item":"https:\/\/www.complex-recruitment.com\/cs\/uvod\/"},{"@type":"ListItem","position":2,"name":"FAQ"}]},{"@type":"WebSite","@id":"https:\/\/www.complex-recruitment.com\/#website","url":"https:\/\/www.complex-recruitment.com\/","name":"COMPLEX Recruitment, Inc.","description":"","publisher":{"@id":"https:\/\/www.complex-recruitment.com\/#organization"},"potentialAction":[{"@type":"SearchAction","target":{"@type":"EntryPoint","urlTemplate":"https:\/\/www.complex-recruitment.com\/?s={search_term_string}"},"query-input":{"@type":"PropertyValueSpecification","valueRequired":true,"valueName":"search_term_string"}}],"inLanguage":"cs"},{"@type":"Organization","@id":"https:\/\/www.complex-recruitment.com\/#organization","name":"COMPLEX Recruitment, Inc.","url":"https:\/\/www.complex-recruitment.com\/","logo":{"@type":"ImageObject","inLanguage":"cs","@id":"https:\/\/www.complex-recruitment.com\/#\/schema\/logo\/image\/","url":"https:\/\/www.complex-recruitment.com\/wp-content\/uploads\/2024\/01\/logo.svg","contentUrl":"https:\/\/www.complex-recruitment.com\/wp-content\/uploads\/2024\/01\/logo.svg","caption":"COMPLEX Recruitment, Inc."},"image":{"@id":"https:\/\/www.complex-recruitment.com\/#\/schema\/logo\/image\/"}}]}},"_links":{"self":[{"href":"https:\/\/www.complex-recruitment.com\/cs\/wp-json\/wp\/v2\/pages\/1332","targetHints":{"allow":["GET"]}}],"collection":[{"href":"https:\/\/www.complex-recruitment.com\/cs\/wp-json\/wp\/v2\/pages"}],"about":[{"href":"https:\/\/www.complex-recruitment.com\/cs\/wp-json\/wp\/v2\/types\/page"}],"author":[{"embeddable":true,"href":"https:\/\/www.complex-recruitment.com\/cs\/wp-json\/wp\/v2\/users\/3"}],"replies":[{"embeddable":true,"href":"https:\/\/www.complex-recruitment.com\/cs\/wp-json\/wp\/v2\/comments?post=1332"}],"version-history":[{"count":1,"href":"https:\/\/www.complex-recruitment.com\/cs\/wp-json\/wp\/v2\/pages\/1332\/revisions"}],"predecessor-version":[{"id":1334,"href":"https:\/\/www.complex-recruitment.com\/cs\/wp-json\/wp\/v2\/pages\/1332\/revisions\/1334"}],"wp:featuredmedia":[{"embeddable":true,"href":"https:\/\/www.complex-recruitment.com\/cs\/wp-json\/wp\/v2\/media\/1333"}],"wp:attachment":[{"href":"https:\/\/www.complex-recruitment.com\/cs\/wp-json\/wp\/v2\/media?parent=1332"}],"curies":[{"name":"wp","href":"https:\/\/api.w.org\/{rel}","templated":true}]}}