{"id":1277,"date":"2023-12-27T11:18:08","date_gmt":"2023-12-27T11:18:08","guid":{"rendered":"https:\/\/www.complex-recruitment.com\/kontaktujte-nas\/"},"modified":"2025-10-08T07:33:48","modified_gmt":"2025-10-08T07:33:48","slug":"kontakt","status":"publish","type":"page","link":"https:\/\/www.complex-recruitment.com\/cs\/kontakt\/","title":{"rendered":"Kontakt"},"content":{"rendered":"<div id=\"pl-gb1277-69e904cbb2c01\"  class=\"panel-layout\" ><div id=\"pg-gb1277-69e904cbb2c01-0\"  class=\"panel-grid panel-no-style\" ><div id=\"pgc-gb1277-69e904cbb2c01-0-0\"  class=\"panel-grid-cell panel-grid-cell-empty\" ><\/div><div id=\"pgc-gb1277-69e904cbb2c01-0-1\"  class=\"panel-grid-cell\" ><div id=\"panel-gb1277-69e904cbb2c01-0-1-0\" class=\"so-panel widget widget_sow-editor panel-first-child panel-last-child\" data-index=\"0\" ><div\n\t\t\t\n\t\t\tclass=\"so-widget-sow-editor so-widget-sow-editor-base\"\n\t\t\t\n\t\t>\n<div class=\"siteorigin-widget-tinymce textwidget\">\n\t<p>Adresa<\/p>\n<p>Complex international Recruitment Philippines Inc.<\/p>\n<p>Unit 404, 4th floor, Pacific Star Bldg.,<br \/>\nSen. Gil Puyat Ave. cor. Makati Ave.,<br \/>\nMakati City, Philippines 1209<\/p>\n<\/div>\n<\/div><\/div><\/div><div id=\"pgc-gb1277-69e904cbb2c01-0-2\"  class=\"panel-grid-cell\" ><div id=\"panel-gb1277-69e904cbb2c01-0-2-0\" class=\"so-panel widget widget_sow-editor panel-first-child panel-last-child\" data-index=\"1\" ><div\n\t\t\t\n\t\t\tclass=\"so-widget-sow-editor so-widget-sow-editor-base\"\n\t\t\t\n\t\t>\n<div class=\"siteorigin-widget-tinymce textwidget\">\n\t<p>Kontakty<\/p>\n<h4><a href=\"mailto:%20info@irsphilippines.com\">info@complex-recruitment.com<\/a><br \/>\n<a style=\"color:#0E0045; text-decoration: none;\" href=\"tel:+420%20608%20658%20848\">+420 608 658 848<\/a><\/h4>\n<\/div>\n<\/div><\/div><\/div><\/div><div id=\"pg-gb1277-69e904cbb2c01-1\"  class=\"panel-grid panel-no-style\" ><div id=\"pgc-gb1277-69e904cbb2c01-1-0\"  class=\"panel-grid-cell\" ><div id=\"panel-gb1277-69e904cbb2c01-1-0-0\" class=\"so-panel widget widget_sow-image panel-first-child\" data-index=\"2\" ><div\n\t\t\t\n\t\t\tclass=\"so-widget-sow-image so-widget-sow-image-default-8b5b6f678277-1277\"\n\t\t\t\n\t\t>\n\n<div class=\"sow-image-container\">\n\t\t<img decoding=\"async\" src=\"https:\/\/www.complex-recruitment.com\/wp-content\/uploads\/2024\/01\/contact-1.png\" width=\"759\" height=\"611\" srcset=\"https:\/\/www.complex-recruitment.com\/wp-content\/uploads\/2024\/01\/contact-1.png 759w, https:\/\/www.complex-recruitment.com\/wp-content\/uploads\/2024\/01\/contact-1-300x242.png 300w, https:\/\/www.complex-recruitment.com\/wp-content\/uploads\/2024\/01\/contact-1-480x386.png 480w\" sizes=\"auto, (max-width: 759px) 100vw, 759px\" alt=\"\" loading=\"lazy\" \t\tclass=\"so-widget-image\"\/>\n\t<\/div>\n\n<\/div><\/div><div id=\"panel-gb1277-69e904cbb2c01-1-0-1\" class=\"so-panel widget widget_sow-editor panel-last-child\" data-index=\"3\" ><div\n\t\t\t\n\t\t\tclass=\"so-widget-sow-editor so-widget-sow-editor-base\"\n\t\t\t\n\t\t>\n<div class=\"siteorigin-widget-tinymce textwidget\">\n\t<h3>Jsme p\u0159\u00edmo <span class=\"pink\">v srdci Manily<\/span>, hlavn\u00edho m\u011bsta Filip\u00edn<\/h3>\n<\/div>\n<\/div><\/div><\/div><div id=\"pgc-gb1277-69e904cbb2c01-1-1\"  class=\"panel-grid-cell\" ><div id=\"panel-gb1277-69e904cbb2c01-1-1-0\" class=\"so-panel widget widget_sow-image panel-first-child panel-last-child\" data-index=\"4\" ><div\n\t\t\t\n\t\t\tclass=\"so-widget-sow-image so-widget-sow-image-default-8b5b6f678277-1277\"\n\t\t\t\n\t\t>\n\n<div class=\"sow-image-container\">\n\t\t<img decoding=\"async\" src=\"https:\/\/www.complex-recruitment.com\/wp-content\/uploads\/2024\/01\/map.png\" width=\"1760\" height=\"972\" srcset=\"https:\/\/www.complex-recruitment.com\/wp-content\/uploads\/2024\/01\/map.png 1760w, https:\/\/www.complex-recruitment.com\/wp-content\/uploads\/2024\/01\/map-300x166.png 300w, https:\/\/www.complex-recruitment.com\/wp-content\/uploads\/2024\/01\/map-1024x566.png 1024w, https:\/\/www.complex-recruitment.com\/wp-content\/uploads\/2024\/01\/map-768x424.png 768w, https:\/\/www.complex-recruitment.com\/wp-content\/uploads\/2024\/01\/map-1536x848.png 1536w, https:\/\/www.complex-recruitment.com\/wp-content\/uploads\/2024\/01\/map-480x265.png 480w, https:\/\/www.complex-recruitment.com\/wp-content\/uploads\/2024\/01\/map-992x548.png 992w, https:\/\/www.complex-recruitment.com\/wp-content\/uploads\/2024\/01\/map-1200x663.png 1200w\" sizes=\"auto, (max-width: 1760px) 100vw, 1760px\" alt=\"\" loading=\"lazy\" \t\tclass=\"so-widget-image\"\/>\n\t<\/div>\n\n<\/div><\/div><\/div><\/div><\/div>","protected":false},"excerpt":{"rendered":"<p>Adresa Complex international Recruitment Philippines Inc. Unit 404, 4th floor, Pacific Star Bldg., Sen. Gil Puyat Ave. cor. Makati Ave., Makati City, Philippines 1209 Kontakty info@complex-recruitment.com +420 608 658 848 Jsme p\u0159\u00edmo v srdci Manily, hlavn\u00edho m\u011bsta Filip\u00edn<\/p>\n","protected":false},"author":1,"featured_media":1628,"parent":0,"menu_order":0,"comment_status":"closed","ping_status":"closed","template":"","meta":{"footnotes":""},"class_list":["post-1277","page","type-page","status-publish","has-post-thumbnail","hentry"],"acf":[],"yoast_head":"<!-- This site is optimized with the Yoast SEO plugin v23.8 - https:\/\/yoast.com\/wordpress\/plugins\/seo\/ -->\n<title>Kontakt - COMPLEX Recruitment, Inc.<\/title>\n<meta name=\"robots\" content=\"index, follow, max-snippet:-1, max-image-preview:large, max-video-preview:-1\" \/>\n<link rel=\"canonical\" href=\"https:\/\/www.complex-recruitment.com\/cs\/kontakt\/\" \/>\n<meta property=\"og:locale\" content=\"cs_CZ\" \/>\n<meta property=\"og:type\" content=\"article\" \/>\n<meta property=\"og:title\" content=\"Kontakt - COMPLEX Recruitment, Inc.\" \/>\n<meta property=\"og:description\" content=\"Adresa Complex international Recruitment Philippines Inc. Unit 404, 4th floor, Pacific Star Bldg., Sen. Gil Puyat Ave. cor. Makati Ave., Makati City, Philippines 1209 Kontakty info@complex-recruitment.com +420 608 658 848 Jsme p\u0159\u00edmo v srdci Manily, hlavn\u00edho m\u011bsta Filip\u00edn\" \/>\n<meta property=\"og:url\" content=\"https:\/\/www.complex-recruitment.com\/cs\/kontakt\/\" \/>\n<meta property=\"og:site_name\" content=\"COMPLEX Recruitment, Inc.\" \/>\n<meta property=\"article:modified_time\" content=\"2025-10-08T07:33:48+00:00\" \/>\n<meta property=\"og:image\" content=\"https:\/\/www.complex-recruitment.com\/wp-content\/uploads\/2024\/11\/manila-4503501_1920.png\" \/>\n\t<meta property=\"og:image:width\" content=\"2500\" \/>\n\t<meta property=\"og:image:height\" content=\"971\" \/>\n\t<meta property=\"og:image:type\" content=\"image\/png\" \/>\n<meta name=\"twitter:card\" content=\"summary_large_image\" \/>\n<meta name=\"twitter:label1\" content=\"Odhadovan\u00e1 doba \u010dten\u00ed\" \/>\n\t<meta name=\"twitter:data1\" content=\"1 minuta\" \/>\n<script type=\"application\/ld+json\" class=\"yoast-schema-graph\">{\"@context\":\"https:\/\/schema.org\",\"@graph\":[{\"@type\":\"WebPage\",\"@id\":\"https:\/\/www.complex-recruitment.com\/cs\/kontakt\/\",\"url\":\"https:\/\/www.complex-recruitment.com\/cs\/kontakt\/\",\"name\":\"Kontakt - COMPLEX Recruitment, Inc.\",\"isPartOf\":{\"@id\":\"https:\/\/www.complex-recruitment.com\/#website\"},\"primaryImageOfPage\":{\"@id\":\"https:\/\/www.complex-recruitment.com\/cs\/kontakt\/#primaryimage\"},\"image\":{\"@id\":\"https:\/\/www.complex-recruitment.com\/cs\/kontakt\/#primaryimage\"},\"thumbnailUrl\":\"https:\/\/www.complex-recruitment.com\/wp-content\/uploads\/2024\/11\/manila-4503501_1920.png\",\"datePublished\":\"2023-12-27T11:18:08+00:00\",\"dateModified\":\"2025-10-08T07:33:48+00:00\",\"breadcrumb\":{\"@id\":\"https:\/\/www.complex-recruitment.com\/cs\/kontakt\/#breadcrumb\"},\"inLanguage\":\"cs\",\"potentialAction\":[{\"@type\":\"ReadAction\",\"target\":[\"https:\/\/www.complex-recruitment.com\/cs\/kontakt\/\"]}]},{\"@type\":\"ImageObject\",\"inLanguage\":\"cs\",\"@id\":\"https:\/\/www.complex-recruitment.com\/cs\/kontakt\/#primaryimage\",\"url\":\"https:\/\/www.complex-recruitment.com\/wp-content\/uploads\/2024\/11\/manila-4503501_1920.png\",\"contentUrl\":\"https:\/\/www.complex-recruitment.com\/wp-content\/uploads\/2024\/11\/manila-4503501_1920.png\",\"width\":2500,\"height\":971},{\"@type\":\"BreadcrumbList\",\"@id\":\"https:\/\/www.complex-recruitment.com\/cs\/kontakt\/#breadcrumb\",\"itemListElement\":[{\"@type\":\"ListItem\",\"position\":1,\"name\":\"Home\",\"item\":\"https:\/\/www.complex-recruitment.com\/cs\/uvod\/\"},{\"@type\":\"ListItem\",\"position\":2,\"name\":\"Kontakt\"}]},{\"@type\":\"WebSite\",\"@id\":\"https:\/\/www.complex-recruitment.com\/#website\",\"url\":\"https:\/\/www.complex-recruitment.com\/\",\"name\":\"COMPLEX Recruitment, Inc.\",\"description\":\"\",\"publisher\":{\"@id\":\"https:\/\/www.complex-recruitment.com\/#organization\"},\"potentialAction\":[{\"@type\":\"SearchAction\",\"target\":{\"@type\":\"EntryPoint\",\"urlTemplate\":\"https:\/\/www.complex-recruitment.com\/?s={search_term_string}\"},\"query-input\":{\"@type\":\"PropertyValueSpecification\",\"valueRequired\":true,\"valueName\":\"search_term_string\"}}],\"inLanguage\":\"cs\"},{\"@type\":\"Organization\",\"@id\":\"https:\/\/www.complex-recruitment.com\/#organization\",\"name\":\"COMPLEX Recruitment, Inc.\",\"url\":\"https:\/\/www.complex-recruitment.com\/\",\"logo\":{\"@type\":\"ImageObject\",\"inLanguage\":\"cs\",\"@id\":\"https:\/\/www.complex-recruitment.com\/#\/schema\/logo\/image\/\",\"url\":\"https:\/\/www.complex-recruitment.com\/wp-content\/uploads\/2024\/01\/logo.svg\",\"contentUrl\":\"https:\/\/www.complex-recruitment.com\/wp-content\/uploads\/2024\/01\/logo.svg\",\"caption\":\"COMPLEX Recruitment, Inc.\"},\"image\":{\"@id\":\"https:\/\/www.complex-recruitment.com\/#\/schema\/logo\/image\/\"}}]}<\/script>\n<!-- \/ Yoast SEO plugin. -->","yoast_head_json":{"title":"Kontakt - COMPLEX Recruitment, Inc.","robots":{"index":"index","follow":"follow","max-snippet":"max-snippet:-1","max-image-preview":"max-image-preview:large","max-video-preview":"max-video-preview:-1"},"canonical":"https:\/\/www.complex-recruitment.com\/cs\/kontakt\/","og_locale":"cs_CZ","og_type":"article","og_title":"Kontakt - COMPLEX Recruitment, Inc.","og_description":"Adresa Complex international Recruitment Philippines Inc. Unit 404, 4th floor, Pacific Star Bldg., Sen. Gil Puyat Ave. cor. Makati Ave., Makati City, Philippines 1209 Kontakty info@complex-recruitment.com +420 608 658 848 Jsme p\u0159\u00edmo v srdci Manily, hlavn\u00edho m\u011bsta Filip\u00edn","og_url":"https:\/\/www.complex-recruitment.com\/cs\/kontakt\/","og_site_name":"COMPLEX Recruitment, Inc.","article_modified_time":"2025-10-08T07:33:48+00:00","og_image":[{"width":2500,"height":971,"url":"https:\/\/www.complex-recruitment.com\/wp-content\/uploads\/2024\/11\/manila-4503501_1920.png","type":"image\/png"}],"twitter_card":"summary_large_image","twitter_misc":{"Odhadovan\u00e1 doba \u010dten\u00ed":"1 minuta"},"schema":{"@context":"https:\/\/schema.org","@graph":[{"@type":"WebPage","@id":"https:\/\/www.complex-recruitment.com\/cs\/kontakt\/","url":"https:\/\/www.complex-recruitment.com\/cs\/kontakt\/","name":"Kontakt - COMPLEX Recruitment, Inc.","isPartOf":{"@id":"https:\/\/www.complex-recruitment.com\/#website"},"primaryImageOfPage":{"@id":"https:\/\/www.complex-recruitment.com\/cs\/kontakt\/#primaryimage"},"image":{"@id":"https:\/\/www.complex-recruitment.com\/cs\/kontakt\/#primaryimage"},"thumbnailUrl":"https:\/\/www.complex-recruitment.com\/wp-content\/uploads\/2024\/11\/manila-4503501_1920.png","datePublished":"2023-12-27T11:18:08+00:00","dateModified":"2025-10-08T07:33:48+00:00","breadcrumb":{"@id":"https:\/\/www.complex-recruitment.com\/cs\/kontakt\/#breadcrumb"},"inLanguage":"cs","potentialAction":[{"@type":"ReadAction","target":["https:\/\/www.complex-recruitment.com\/cs\/kontakt\/"]}]},{"@type":"ImageObject","inLanguage":"cs","@id":"https:\/\/www.complex-recruitment.com\/cs\/kontakt\/#primaryimage","url":"https:\/\/www.complex-recruitment.com\/wp-content\/uploads\/2024\/11\/manila-4503501_1920.png","contentUrl":"https:\/\/www.complex-recruitment.com\/wp-content\/uploads\/2024\/11\/manila-4503501_1920.png","width":2500,"height":971},{"@type":"BreadcrumbList","@id":"https:\/\/www.complex-recruitment.com\/cs\/kontakt\/#breadcrumb","itemListElement":[{"@type":"ListItem","position":1,"name":"Home","item":"https:\/\/www.complex-recruitment.com\/cs\/uvod\/"},{"@type":"ListItem","position":2,"name":"Kontakt"}]},{"@type":"WebSite","@id":"https:\/\/www.complex-recruitment.com\/#website","url":"https:\/\/www.complex-recruitment.com\/","name":"COMPLEX Recruitment, Inc.","description":"","publisher":{"@id":"https:\/\/www.complex-recruitment.com\/#organization"},"potentialAction":[{"@type":"SearchAction","target":{"@type":"EntryPoint","urlTemplate":"https:\/\/www.complex-recruitment.com\/?s={search_term_string}"},"query-input":{"@type":"PropertyValueSpecification","valueRequired":true,"valueName":"search_term_string"}}],"inLanguage":"cs"},{"@type":"Organization","@id":"https:\/\/www.complex-recruitment.com\/#organization","name":"COMPLEX Recruitment, Inc.","url":"https:\/\/www.complex-recruitment.com\/","logo":{"@type":"ImageObject","inLanguage":"cs","@id":"https:\/\/www.complex-recruitment.com\/#\/schema\/logo\/image\/","url":"https:\/\/www.complex-recruitment.com\/wp-content\/uploads\/2024\/01\/logo.svg","contentUrl":"https:\/\/www.complex-recruitment.com\/wp-content\/uploads\/2024\/01\/logo.svg","caption":"COMPLEX Recruitment, Inc."},"image":{"@id":"https:\/\/www.complex-recruitment.com\/#\/schema\/logo\/image\/"}}]}},"_links":{"self":[{"href":"https:\/\/www.complex-recruitment.com\/cs\/wp-json\/wp\/v2\/pages\/1277","targetHints":{"allow":["GET"]}}],"collection":[{"href":"https:\/\/www.complex-recruitment.com\/cs\/wp-json\/wp\/v2\/pages"}],"about":[{"href":"https:\/\/www.complex-recruitment.com\/cs\/wp-json\/wp\/v2\/types\/page"}],"author":[{"embeddable":true,"href":"https:\/\/www.complex-recruitment.com\/cs\/wp-json\/wp\/v2\/users\/1"}],"replies":[{"embeddable":true,"href":"https:\/\/www.complex-recruitment.com\/cs\/wp-json\/wp\/v2\/comments?post=1277"}],"version-history":[{"count":4,"href":"https:\/\/www.complex-recruitment.com\/cs\/wp-json\/wp\/v2\/pages\/1277\/revisions"}],"predecessor-version":[{"id":114247,"href":"https:\/\/www.complex-recruitment.com\/cs\/wp-json\/wp\/v2\/pages\/1277\/revisions\/114247"}],"wp:featuredmedia":[{"embeddable":true,"href":"https:\/\/www.complex-recruitment.com\/cs\/wp-json\/wp\/v2\/media\/1628"}],"wp:attachment":[{"href":"https:\/\/www.complex-recruitment.com\/cs\/wp-json\/wp\/v2\/media?parent=1277"}],"curies":[{"name":"wp","href":"https:\/\/api.w.org\/{rel}","templated":true}]}}